{"id":2200,"date":"2025-02-19T10:46:20","date_gmt":"2025-02-19T10:46:20","guid":{"rendered":"https:\/\/ukelelegastro.es\/home-2\/"},"modified":"2025-12-02T15:41:37","modified_gmt":"2025-12-02T14:41:37","slug":"es","status":"publish","type":"page","link":"https:\/\/ukelelegastro.es\/en\/","title":{"rendered":"Home"},"content":{"rendered":"<h3>\n\t\t\t\t\tTaste Valencia's new wave\n\t\t\t\t<\/h3>\n\t\t\t<h1>\n\t\t\t\t\tYour Fusion Restaurant Nearby\n\t\t\t\t<\/h1>\n\t\t\t<a href=\"https:\/\/bookings.last.app\/8e568613-57c3-4129-a754-89bd10df32f8\/booking\" target=\"_self\"  role=\"button\">\n\t\t\t\t\t\tBook Now\n\t\t<\/a>\n\t\t\t<a href=\"https:\/\/ukelelegastro.es\/en\/menu\/\" target=\"_self\"  role=\"button\">\n\t\t\t\t\t\tMenu\n\t\t<\/a>\n\t\t\t<a href=\"https:\/\/ukelelegastro.es\/en\/eventos\/\" target=\"_self\"  role=\"button\">\n\t\t\t\t\t\tEvents\n\t\t<\/a>\n\t\t\t<h2>\n\t\t\t\t\tYour New Restaurant\n\t\t\t\t<\/h2>\n\t\t\t\t<img decoding=\"async\" src=\"https:\/\/ukelelegastro.es\/wp-content\/uploads\/2018\/10\/divider-free-img-1-1.png\" alt=\"divider-free-img-1.png\" itemprop=\"image\"\/>\n\t<p>A DELECTABLE STORY<\/p>\n\t\t\t<h4>\n\t\t\t\t\tThe past shapes our future.\n\t\t\t\t<\/h4>\n\t\t\t<strong data-start=\"59\" data-end=\"164\">Ukelele was born from a simple yet powerful idea: why choose between eating healthy and indulging yourself?<\/strong>\nNo encontr\u00e1bamos el lugar donde compartir un poke fresco y una burger brutal, as\u00ed que lo creamos. Aqu\u00ed combinamos calidad, sabor y equilibrio en un ambiente acogedor, donde cada bocado es una experiencia \u00fanica. Nuestra pasi\u00f3n por la buena comida nos llev\u00f3 a fusionar ingredientes frescos, recetas innovadoras y un toque especial que nos hace diferentes.\nBienvenido a la mezcla perfecta. Bienvenido a Ukelele.\n\t\t\t<a href=\"https:\/\/bookings.last.app\/8e568613-57c3-4129-a754-89bd10df32f8\/booking\" target=\"_self\"  role=\"button\">\n\t\t\t\t\t\tBOOK NOW\n\t\t<\/a>\n\t\t\t\t<img decoding=\"async\" src=\"https:\/\/ukelelegastro.es\/wp-content\/uploads\/2025\/03\/entrada-ukelele-cuadrada.jpg\" alt=\"entrada-ukelele-cuadrada.jpg\" itemprop=\"image\" title=\"entrada-ukelele-cuadrada.jpg\" onerror=\"this.style.display='none'\" loading=\"lazy\" \/>\n\t\t\t\t<img decoding=\"async\" src=\"https:\/\/ukelelegastro.es\/wp-content\/uploads\/2025\/03\/ukelele-poke-grande-cuadrado-scaled.jpg\" alt=\"ukelele-poke-grande-cuadrado-scaled.jpg\" itemprop=\"image\" title=\"ukelele-poke-grande-cuadrado-scaled.jpg\" onerror=\"this.style.display='none'\" loading=\"lazy\" \/>\n\t\t\t\t<img decoding=\"async\" src=\"https:\/\/ukelelegastro.es\/wp-content\/uploads\/2025\/03\/evento-intercambio-cuadrado-scaled.jpg\" alt=\"evento-intercambio-cuadrado-scaled.jpg\" itemprop=\"image\" title=\"evento-intercambio-cuadrado-scaled.jpg\" onerror=\"this.style.display='none'\" loading=\"lazy\" \/>\n\t\t\t\t<img decoding=\"async\" src=\"https:\/\/ukelelegastro.es\/wp-content\/uploads\/2025\/02\/ukelele-burger-scaled.jpg\" alt=\"ukelele-burger-scaled.jpg\" itemprop=\"image\" title=\"ukelele-burger-scaled.jpg\" onerror=\"this.style.display='none'\" loading=\"lazy\" \/>\n\t\t\t\t<img decoding=\"async\" src=\"https:\/\/ukelelegastro.es\/wp-content\/uploads\/2025\/03\/evento-de-pie-cuadrado-scaled.jpg\" alt=\"evento-de-pie-cuadrado-scaled.jpg\" itemprop=\"image\" title=\"evento-de-pie-cuadrado-scaled.jpg\" onerror=\"this.style.display='none'\" loading=\"lazy\" \/>\n\t\t\t\t<img decoding=\"async\" src=\"https:\/\/ukelelegastro.es\/wp-content\/uploads\/2025\/02\/6-scaled.jpg\" alt=\"6-scaled.jpg\" itemprop=\"image\" title=\"6-scaled.jpg\" onerror=\"this.style.display='none'\" loading=\"lazy\" \/>\n\t\t\t<h3>\n\t\t\t\t\tRecognitions\n\t\t\t\t<\/h3>\n\t\t\t\t<img decoding=\"async\" src=\"https:\/\/ukelelegastro.es\/wp-content\/uploads\/2025\/03\/restaurant-guru-2025.png\" alt=\"Premio Restaurant Guru 2025 otorgado al Restaurante Ukelele Gastro Lounge\" itemprop=\"image\"\/>\n\t\t\t\t<img decoding=\"async\" src=\"https:\/\/ukelelegastro.es\/wp-content\/uploads\/2025\/02\/joe-burger-list-266x300.png\" alt=\"Premio de Joe Burger a Ukelele en su lista de mejores restaurantes. Restaurante especializado en Burgers Gourmet y Poke Bowls Frescos\" itemprop=\"image\"\/>\n\t\t\t\t<img decoding=\"async\" src=\"https:\/\/ukelelegastro.es\/wp-content\/uploads\/2025\/02\/zampi-news-300x265.png\" alt=\"Premio de Zampi a Ukelele como el mejor poke bowl de Valencia. Restaurante especializado en Burgers Gourmet y Poke Bowls Frescos\" itemprop=\"image\"\/>\n\t\t\t\t<img decoding=\"async\" src=\"https:\/\/ukelelegastro.es\/wp-content\/uploads\/2025\/02\/google-mejor-valorados.png\" alt=\"Ranking de Ukelele Gastro Lounge en Google Maps. Restaurante especializado en Burgers Gourmet y Poke Bowls Frescos\" itemprop=\"image\"\/>\n\t\t\t<h2>\n\t\t\t\t\tTapas, Starters and Sharing Plates\n\t\t\t\t<\/h2>\n\t\t\t<p>Always made to order<\/p>\n\t\t\t\t<img decoding=\"async\" src=\"https:\/\/ukelelegastro.es\/wp-content\/uploads\/2018\/10\/divider-free-img-1-1.png\" alt=\"divider-free-img-1.png\" itemprop=\"image\"\/>\n\t<p>Enjoy other delights from our restaurant's menu. Experience the fusion of flavors and share.<\/p>\n\t\t\t<h4>\n\t\t\t\t\tHummus with yucca chips.\n\t\t\t\t<\/h4>\n\t\t\t\n\t\t\t<p>Creamy homemade hummus, smooth and full of flavor, made with fresh, high-quality ingredients, accompanied by crispy baked sweet potato chips. A perfect contrast of texture and taste, ideal for sharing or enjoying on your own at any time<\/p>\n\t\t\t\t<img decoding=\"async\" src=\"https:\/\/ukelelegastro.es\/wp-content\/uploads\/2025\/02\/hummus-cuadrado.jpg\" alt=\"Hummus cremoso acompa\u00f1ado de chips de yuca crujientes. Ranking de Ukelele\" itemprop=\"image\"\/>\n\t\t\t<h4>\n\t\t\t\t\tHomemade nachos with cheese and guacamole.\n\t\t\t\t<\/h4>\n\t\t\t\n\t\t\t<p>Crispy homemade nachos, drenched in melted cheese and served with creamy, fresh guacamole, offering the perfect balance of flavor. Add jalape\u00f1os, pico de gallo, or your favorite topping and savor every bite to the fullest.<\/p>\n\t\t\t\t<img decoding=\"async\" src=\"https:\/\/ukelelegastro.es\/wp-content\/uploads\/2025\/02\/nachos-cuadrados.jpg\" alt=\"Nachos con queso, cochinita pibil y guacamole\" itemprop=\"image\"\/>\n\t\t\t<h4>\n\t\t\t\t\tHomemade Desserts\n\t\t\t\t<\/h4>\n\t\t\t\n\t\t\t<p>Irresistible homemade desserts: creamy cheesecake, rich Oreo cake, and the spectacular Suchard cake, made with top-quality ingredients. Enjoy their smooth texture, unmatched flavor, and the perfect touch of sweetness in every bite. The ideal ending to a perfect meal<\/p>\n\t\t\t\t<img decoding=\"async\" src=\"https:\/\/ukelelegastro.es\/wp-content\/uploads\/2025\/02\/tarta-suchard-cuadrada.jpg\" alt=\"Postres caseros irresistibles de Ukelele\" itemprop=\"image\"\/>\n\t\t\t<h4>\n\t\t\t\t\tMini Burgers\n\t\t\t\t<\/h4>\n\t\t\t\n\t\t\t<p>Don't settle for just one flavor when you can enjoy several in a single bite. Our mini burgers are perfect for events, ideal for surprising your guests with variety, quality, and a gourmet touch in every detail. Make your celebration unforgettable!<\/p>\n\t\t\t\t<img decoding=\"async\" src=\"https:\/\/ukelelegastro.es\/wp-content\/uploads\/2025\/02\/mini-burger-scaled.jpg\" alt=\"Mini hamburguesas perfectas para eventos\" itemprop=\"image\"\/>\n\t\t\t\t<img decoding=\"async\" src=\"https:\/\/ukelelegastro.es\/wp-content\/uploads\/2018\/10\/bbq-free-img-1.png\" alt=\"bbq005-free-img.png\" itemprop=\"image\"\/>\n\t\t\t<h2>\n\t\t\t\t\tRestaurant with a Daily Menu\n\t\t\t\t<\/h2>\n\t\t\t<p>Laborables, 13:00 &#8211; 15:00<\/p>\n\t\t\t<a href=\"https:\/\/bookings.last.app\/8e568613-57c3-4129-a754-89bd10df32f8\/booking\" target=\"_self\"  role=\"button\">\n\t\t\t\t\t\tBook now\n\t\t<\/a>\n\t\t\t<h2>\n\t\t\t\t\tRestaurant with Tapas Tuesdays\n\t\t\t\t<\/h2>\n\t\t\t<p>Martes, 20:00 &#8211; 22:30<\/p>\n\t\t\t<a href=\"https:\/\/bookings.last.app\/8e568613-57c3-4129-a754-89bd10df32f8\/booking\" target=\"_self\"  role=\"button\">\n\t\t\t\t\t\tBook now\n\t\t<\/a>\n\t\t\t<h2>\n\t\t\t\t\tRestaurant with Language Exchange\n\t\t\t\t<\/h2>\n\t\t\t<p>Every month, ask for the date<\/p>\n\t\t\t<a href=\"https:\/\/wa.me\/34609884237\" target=\"_self\"  role=\"button\">\n\t\t\t\t\t\tAsk now\n\t\t<\/a>","protected":false},"excerpt":{"rendered":"<p>Prueba un nuevo concepto en el barrio del Carmen Tu Restaurante Fusi\u00f3n muy Cerca Reservas Men\u00fa Eventos Privados Tu Nuevo Restaurante UNA HISTORIA DELICIOSA El pasado define nuestro futuro Ukelele naci\u00f3 de una idea simple pero poderosa: \u00bfpor qu\u00e9 elegir entre comer sano y darse un capricho? No encontr\u00e1bamos el lugar donde compartir un poke [&hellip;]<\/p>\n","protected":false},"author":1,"featured_media":0,"parent":0,"menu_order":0,"comment_status":"closed","ping_status":"closed","template":"","meta":{"_uag_custom_page_level_css":"","site-sidebar-layout":"no-sidebar","site-content-layout":"page-builder","ast-site-content-layout":"full-width-container","site-content-style":"unboxed","site-sidebar-style":"unboxed","ast-global-header-display":"","ast-banner-title-visibility":"","ast-main-header-display":"","ast-hfb-above-header-display":"","ast-hfb-below-header-display":"","ast-hfb-mobile-header-display":"","site-post-title":"disabled","ast-breadcrumbs-content":"","ast-featured-img":"disabled","footer-sml-layout":"","ast-disable-related-posts":"","theme-transparent-header-meta":"default","adv-header-id-meta":"","stick-header-meta":"","header-above-stick-meta":"","header-main-stick-meta":"","header-below-stick-meta":"","astra-migrate-meta-layouts":"set","ast-page-background-enabled":"default","ast-page-background-meta":{"desktop":{"background-color":"","background-image":"","background-repeat":"repeat","background-position":"center center","background-size":"auto","background-attachment":"scroll","background-type":"","background-media":"","overlay-type":"","overlay-color":"","overlay-opacity":"","overlay-gradient":""},"tablet":{"background-color":"","background-image":"","background-repeat":"repeat","background-position":"center center","background-size":"auto","background-attachment":"scroll","background-type":"","background-media":"","overlay-type":"","overlay-color":"","overlay-opacity":"","overlay-gradient":""},"mobile":{"background-color":"","background-image":"","background-repeat":"repeat","background-position":"center center","background-size":"auto","background-attachment":"scroll","background-type":"","background-media":"","overlay-type":"","overlay-color":"","overlay-opacity":"","overlay-gradient":""}},"ast-content-background-meta":{"desktop":{"background-color":"var(--ast-global-color-5)","background-image":"","background-repeat":"repeat","background-position":"center center","background-size":"auto","background-attachment":"scroll","background-type":"","background-media":"","overlay-type":"","overlay-color":"","overlay-opacity":"","overlay-gradient":""},"tablet":{"background-color":"var(--ast-global-color-5)","background-image":"","background-repeat":"repeat","background-position":"center center","background-size":"auto","background-attachment":"scroll","background-type":"","background-media":"","overlay-type":"","overlay-color":"","overlay-opacity":"","overlay-gradient":""},"mobile":{"background-color":"var(--ast-global-color-5)","background-image":"","background-repeat":"repeat","background-position":"center center","background-size":"auto","background-attachment":"scroll","background-type":"","background-media":"","overlay-type":"","overlay-color":"","overlay-opacity":"","overlay-gradient":""}},"footnotes":""},"class_list":["post-2200","page","type-page","status-publish","hentry"],"yoast_head":"<!-- This site is optimized with the Yoast SEO plugin v25.3 - https:\/\/yoast.com\/wordpress\/plugins\/seo\/ -->\n<title>Restaurante Ukelele Gastro Lounge: la Fusi\u00f3n Gourmet muy Cerca<\/title>\n<meta name=\"description\" content=\"Restaurante \u00b7 Entrantes Starters \u00b7 Burgers Hamburguesas \u00b7 Poke Bowls \u00b7 Ni\u00f1os Kids \u00b7 Ensaladas Salads \u00b7 Tapas \u00b7 Postres \u00b7 Eventos Privados\" \/>\n<meta name=\"robots\" content=\"index, follow, max-snippet:-1, max-image-preview:large, max-video-preview:-1\" \/>\n<link rel=\"canonical\" href=\"https:\/\/ukelelegastro.es\/en\/\" \/>\n<meta property=\"og:locale\" content=\"en_GB\" \/>\n<meta property=\"og:type\" content=\"article\" \/>\n<meta property=\"og:title\" content=\"Restaurante Ukelele Gastro Lounge: la Fusi\u00f3n Gourmet muy Cerca\" \/>\n<meta property=\"og:description\" content=\"Restaurante \u00b7 Entrantes Starters \u00b7 Burgers Hamburguesas \u00b7 Poke Bowls \u00b7 Ni\u00f1os Kids \u00b7 Ensaladas Salads \u00b7 Tapas \u00b7 Postres \u00b7 Eventos Privados\" \/>\n<meta property=\"og:url\" content=\"https:\/\/ukelelegastro.es\/en\/\" \/>\n<meta property=\"og:site_name\" content=\"ukelelegastro.es\" \/>\n<meta property=\"article:publisher\" content=\"https:\/\/m.facebook.com\/100095652725861\/\" \/>\n<meta property=\"article:modified_time\" content=\"2025-12-02T14:41:37+00:00\" \/>\n<meta property=\"og:image\" content=\"https:\/\/ukelelegastro.es\/wp-content\/uploads\/2018\/10\/divider-free-img-1-1.png\" \/>\n<meta name=\"twitter:card\" content=\"summary_large_image\" \/>\n<meta name=\"twitter:label1\" content=\"Estimated reading time\" \/>\n\t<meta name=\"twitter:data1\" content=\"6 minutes\" \/>\n<script type=\"application\/ld+json\" class=\"yoast-schema-graph\">{\"@context\":\"https:\/\/schema.org\",\"@graph\":[{\"@type\":\"WebPage\",\"@id\":\"https:\/\/ukelelegastro.es\/\",\"url\":\"https:\/\/ukelelegastro.es\/\",\"name\":\"Restaurante Ukelele Gastro Lounge: la Fusi\u00f3n Gourmet muy Cerca\",\"isPartOf\":{\"@id\":\"https:\/\/www.ukelelegastro.es\/#website\"},\"primaryImageOfPage\":{\"@id\":\"https:\/\/ukelelegastro.es\/#primaryimage\"},\"image\":{\"@id\":\"https:\/\/ukelelegastro.es\/#primaryimage\"},\"thumbnailUrl\":\"https:\/\/ukelelegastro.es\/wp-content\/uploads\/2018\/10\/divider-free-img-1-1.png\",\"datePublished\":\"2025-02-19T10:46:20+00:00\",\"dateModified\":\"2025-12-02T14:41:37+00:00\",\"description\":\"Restaurante \u00b7 Entrantes Starters \u00b7 Burgers Hamburguesas \u00b7 Poke Bowls \u00b7 Ni\u00f1os Kids \u00b7 Ensaladas Salads \u00b7 Tapas \u00b7 Postres \u00b7 Eventos Privados\",\"breadcrumb\":{\"@id\":\"https:\/\/ukelelegastro.es\/#breadcrumb\"},\"inLanguage\":\"en-GB\",\"potentialAction\":[{\"@type\":\"ReadAction\",\"target\":[\"https:\/\/ukelelegastro.es\/\"]}]},{\"@type\":\"ImageObject\",\"inLanguage\":\"en-GB\",\"@id\":\"https:\/\/ukelelegastro.es\/#primaryimage\",\"url\":\"https:\/\/ukelelegastro.es\/wp-content\/uploads\/2018\/10\/divider-free-img-1-1.png\",\"contentUrl\":\"https:\/\/ukelelegastro.es\/wp-content\/uploads\/2018\/10\/divider-free-img-1-1.png\"},{\"@type\":\"BreadcrumbList\",\"@id\":\"https:\/\/ukelelegastro.es\/#breadcrumb\",\"itemListElement\":[{\"@type\":\"ListItem\",\"position\":1,\"name\":\"Home\",\"item\":\"https:\/\/ukelelegastro.es\/\"},{\"@type\":\"ListItem\",\"position\":2,\"name\":\"Inicio\"}]},{\"@type\":\"WebSite\",\"@id\":\"https:\/\/www.ukelelegastro.es\/#website\",\"url\":\"https:\/\/www.ukelelegastro.es\/\",\"name\":\"ukelelegastro.es\",\"description\":\"Ukelele Gastro Lounge Valencia\",\"publisher\":{\"@id\":\"https:\/\/www.ukelelegastro.es\/#organization\"},\"potentialAction\":[{\"@type\":\"SearchAction\",\"target\":{\"@type\":\"EntryPoint\",\"urlTemplate\":\"https:\/\/www.ukelelegastro.es\/?s={search_term_string}\"},\"query-input\":{\"@type\":\"PropertyValueSpecification\",\"valueRequired\":true,\"valueName\":\"search_term_string\"}}],\"inLanguage\":\"en-GB\"},{\"@type\":\"Organization\",\"@id\":\"https:\/\/www.ukelelegastro.es\/#organization\",\"name\":\"Ukelele Gastro Lounge\",\"url\":\"https:\/\/www.ukelelegastro.es\/\",\"logo\":{\"@type\":\"ImageObject\",\"inLanguage\":\"en-GB\",\"@id\":\"https:\/\/www.ukelelegastro.es\/#\/schema\/logo\/image\/\",\"url\":\"https:\/\/ukelelegastro.es\/wp-content\/uploads\/2025\/03\/logo-ukelele-negro-fondo-naranja.png\",\"contentUrl\":\"https:\/\/ukelelegastro.es\/wp-content\/uploads\/2025\/03\/logo-ukelele-negro-fondo-naranja.png\",\"width\":500,\"height\":500,\"caption\":\"Ukelele Gastro Lounge\"},\"image\":{\"@id\":\"https:\/\/www.ukelelegastro.es\/#\/schema\/logo\/image\/\"},\"sameAs\":[\"https:\/\/m.facebook.com\/100095652725861\/\",\"https:\/\/www.instagram.com\/ukelele.gastrolounge\/\"]}]}<\/script>\n<!-- \/ Yoast SEO plugin. -->","yoast_head_json":{"title":"Restaurante Ukelele Gastro Lounge: la Fusi\u00f3n Gourmet muy Cerca","description":"Restaurante \u00b7 Entrantes Starters \u00b7 Burgers Hamburguesas \u00b7 Poke Bowls \u00b7 Ni\u00f1os Kids \u00b7 Ensaladas Salads \u00b7 Tapas \u00b7 Postres \u00b7 Eventos Privados","robots":{"index":"index","follow":"follow","max-snippet":"max-snippet:-1","max-image-preview":"max-image-preview:large","max-video-preview":"max-video-preview:-1"},"canonical":"https:\/\/ukelelegastro.es\/en\/","og_locale":"en_GB","og_type":"article","og_title":"Restaurante Ukelele Gastro Lounge: la Fusi\u00f3n Gourmet muy Cerca","og_description":"Restaurante \u00b7 Entrantes Starters \u00b7 Burgers Hamburguesas \u00b7 Poke Bowls \u00b7 Ni\u00f1os Kids \u00b7 Ensaladas Salads \u00b7 Tapas \u00b7 Postres \u00b7 Eventos Privados","og_url":"https:\/\/ukelelegastro.es\/en\/","og_site_name":"ukelelegastro.es","article_publisher":"https:\/\/m.facebook.com\/100095652725861\/","article_modified_time":"2025-12-02T14:41:37+00:00","og_image":[{"url":"https:\/\/ukelelegastro.es\/wp-content\/uploads\/2018\/10\/divider-free-img-1-1.png","type":"","width":"","height":""}],"twitter_card":"summary_large_image","twitter_misc":{"Estimated reading time":"6 minutes"},"schema":{"@context":"https:\/\/schema.org","@graph":[{"@type":"WebPage","@id":"https:\/\/ukelelegastro.es\/","url":"https:\/\/ukelelegastro.es\/","name":"Restaurante Ukelele Gastro Lounge: la Fusi\u00f3n Gourmet muy Cerca","isPartOf":{"@id":"https:\/\/www.ukelelegastro.es\/#website"},"primaryImageOfPage":{"@id":"https:\/\/ukelelegastro.es\/#primaryimage"},"image":{"@id":"https:\/\/ukelelegastro.es\/#primaryimage"},"thumbnailUrl":"https:\/\/ukelelegastro.es\/wp-content\/uploads\/2018\/10\/divider-free-img-1-1.png","datePublished":"2025-02-19T10:46:20+00:00","dateModified":"2025-12-02T14:41:37+00:00","description":"Restaurante \u00b7 Entrantes Starters \u00b7 Burgers Hamburguesas \u00b7 Poke Bowls \u00b7 Ni\u00f1os Kids \u00b7 Ensaladas Salads \u00b7 Tapas \u00b7 Postres \u00b7 Eventos Privados","breadcrumb":{"@id":"https:\/\/ukelelegastro.es\/#breadcrumb"},"inLanguage":"en-GB","potentialAction":[{"@type":"ReadAction","target":["https:\/\/ukelelegastro.es\/"]}]},{"@type":"ImageObject","inLanguage":"en-GB","@id":"https:\/\/ukelelegastro.es\/#primaryimage","url":"https:\/\/ukelelegastro.es\/wp-content\/uploads\/2018\/10\/divider-free-img-1-1.png","contentUrl":"https:\/\/ukelelegastro.es\/wp-content\/uploads\/2018\/10\/divider-free-img-1-1.png"},{"@type":"BreadcrumbList","@id":"https:\/\/ukelelegastro.es\/#breadcrumb","itemListElement":[{"@type":"ListItem","position":1,"name":"Home","item":"https:\/\/ukelelegastro.es\/"},{"@type":"ListItem","position":2,"name":"Inicio"}]},{"@type":"WebSite","@id":"https:\/\/www.ukelelegastro.es\/#website","url":"https:\/\/www.ukelelegastro.es\/","name":"ukelelegastro.es","description":"Ukelele Gastro Lounge Valencia","publisher":{"@id":"https:\/\/www.ukelelegastro.es\/#organization"},"potentialAction":[{"@type":"SearchAction","target":{"@type":"EntryPoint","urlTemplate":"https:\/\/www.ukelelegastro.es\/?s={search_term_string}"},"query-input":{"@type":"PropertyValueSpecification","valueRequired":true,"valueName":"search_term_string"}}],"inLanguage":"en-GB"},{"@type":"Organization","@id":"https:\/\/www.ukelelegastro.es\/#organization","name":"Ukelele Gastro Lounge","url":"https:\/\/www.ukelelegastro.es\/","logo":{"@type":"ImageObject","inLanguage":"en-GB","@id":"https:\/\/www.ukelelegastro.es\/#\/schema\/logo\/image\/","url":"https:\/\/ukelelegastro.es\/wp-content\/uploads\/2025\/03\/logo-ukelele-negro-fondo-naranja.png","contentUrl":"https:\/\/ukelelegastro.es\/wp-content\/uploads\/2025\/03\/logo-ukelele-negro-fondo-naranja.png","width":500,"height":500,"caption":"Ukelele Gastro Lounge"},"image":{"@id":"https:\/\/www.ukelelegastro.es\/#\/schema\/logo\/image\/"},"sameAs":["https:\/\/m.facebook.com\/100095652725861\/","https:\/\/www.instagram.com\/ukelele.gastrolounge\/"]}]}},"uagb_featured_image_src":{"full":false,"thumbnail":false,"medium":false,"medium_large":false,"large":false,"1536x1536":false,"2048x2048":false,"trp-custom-language-flag":false},"uagb_author_info":{"display_name":"ukelele.vlc@gmail.com","author_link":"https:\/\/ukelelegastro.es\/en\/author\/ukelele-vlcgmail-com\/"},"uagb_comment_info":0,"uagb_excerpt":"Prueba un nuevo concepto en el barrio del Carmen Tu Restaurante Fusi\u00f3n muy Cerca Reservas Men\u00fa Eventos Privados Tu Nuevo Restaurante UNA HISTORIA DELICIOSA El pasado define nuestro futuro Ukelele naci\u00f3 de una idea simple pero poderosa: \u00bfpor qu\u00e9 elegir entre comer sano y darse un capricho? No encontr\u00e1bamos el lugar donde compartir un poke&hellip;","_links":{"self":[{"href":"https:\/\/ukelelegastro.es\/en\/wp-json\/wp\/v2\/pages\/2200","targetHints":{"allow":["GET"]}}],"collection":[{"href":"https:\/\/ukelelegastro.es\/en\/wp-json\/wp\/v2\/pages"}],"about":[{"href":"https:\/\/ukelelegastro.es\/en\/wp-json\/wp\/v2\/types\/page"}],"author":[{"embeddable":true,"href":"https:\/\/ukelelegastro.es\/en\/wp-json\/wp\/v2\/users\/1"}],"replies":[{"embeddable":true,"href":"https:\/\/ukelelegastro.es\/en\/wp-json\/wp\/v2\/comments?post=2200"}],"version-history":[{"count":46,"href":"https:\/\/ukelelegastro.es\/en\/wp-json\/wp\/v2\/pages\/2200\/revisions"}],"predecessor-version":[{"id":2740,"href":"https:\/\/ukelelegastro.es\/en\/wp-json\/wp\/v2\/pages\/2200\/revisions\/2740"}],"wp:attachment":[{"href":"https:\/\/ukelelegastro.es\/en\/wp-json\/wp\/v2\/media?parent=2200"}],"curies":[{"name":"wp","href":"https:\/\/api.w.org\/{rel}","templated":true}]}}