{"id":2351,"date":"2025-02-20T13:46:59","date_gmt":"2025-02-20T12:46:59","guid":{"rendered":"https:\/\/ukelelegastro.es\/?page_id=2351"},"modified":"2025-03-12T18:49:28","modified_gmt":"2025-03-12T17:49:28","slug":"contacto-eventos","status":"publish","type":"page","link":"https:\/\/ukelelegastro.es\/en\/contacto-eventos\/","title":{"rendered":"contacto-eventos"},"content":{"rendered":"\n\n\t<div class=\"wpforms-container \" id=\"wpforms-2357\"><form id=\"wpforms-form-2357\" class=\"wpforms-validate wpforms-form\" data-formid=\"2357\" method=\"post\" enctype=\"multipart\/form-data\" action=\"\/en\/wp-json\/wp\/v2\/pages\/2351\" data-token=\"78b17130259d53bb06ee805a6169ae8e\" data-token-time=\"1777581703\"><noscript class=\"wpforms-error-noscript\">Please enable JavaScript in your browser to complete this form.<\/noscript><div class=\"wpforms-field-container\">\t\t<div id=\"wpforms-2357-field_1-container\"\n\t\t\tclass=\"wpforms-field wpforms-field-text\"\n\t\t\tdata-field-type=\"text\"\n\t\t\tdata-field-id=\"1\"\n\t\t\t>\n\t\t\t<label class=\"wpforms-field-label\" for=\"wpforms-2357-field_1\" >contactemos te qu\u00e9<\/label>\n\t\t\t<input type=\"text\" id=\"wpforms-2357-field_1\" class=\"wpforms-field-medium\" name=\"wpforms[fields][1]\" >\n\t\t<\/div>\n\t\t<div id=\"wpforms-2357-field_7-container\" class=\"wpforms-field wpforms-field-name\" data-field-id=\"7\"><label class=\"wpforms-field-label\" for=\"wpforms-2357-field_7\">Nombre <span class=\"wpforms-required-label\">*<\/span><\/label><input type=\"text\" id=\"wpforms-2357-field_7\" class=\"wpforms-field-medium wpforms-field-required\" name=\"wpforms[fields][7]\" required><\/div><div id=\"wpforms-2357-field_8-container\" class=\"wpforms-field wpforms-field-email\" data-field-id=\"8\"><label class=\"wpforms-field-label\" for=\"wpforms-2357-field_8\">Correo electr\u00f3nico <span class=\"wpforms-required-label\">*<\/span><\/label><input type=\"email\" id=\"wpforms-2357-field_8\" class=\"wpforms-field-medium wpforms-field-required\" name=\"wpforms[fields][8]\" spellcheck=\"false\" required><\/div><div id=\"wpforms-2357-field_9-container\" class=\"wpforms-field wpforms-field-number\" data-field-id=\"9\"><label class=\"wpforms-field-label\" for=\"wpforms-2357-field_9\">N\u00famero de tel\u00e9fono<\/label><input type=\"number\" id=\"wpforms-2357-field_9\" class=\"wpforms-field-medium\" name=\"wpforms[fields][9]\" step=\"any\" ><\/div><div id=\"wpforms-2357-field_13-container\" class=\"wpforms-field wpforms-field-text\" data-field-id=\"13\"><label class=\"wpforms-field-label\" for=\"wpforms-2357-field_13\">Fecha<\/label><input type=\"text\" id=\"wpforms-2357-field_13\" class=\"wpforms-field-medium\" name=\"wpforms[fields][13]\" ><\/div><div id=\"wpforms-2357-field_14-container\" class=\"wpforms-field wpforms-field-select wpforms-field-select-style-classic\" data-field-id=\"14\"><label class=\"wpforms-field-label\" for=\"wpforms-2357-field_14\">Horario<\/label><select id=\"wpforms-2357-field_14\" class=\"wpforms-field-medium\" name=\"wpforms[fields][14]\"><option value=\"Comida\"  class=\"choice-1 depth-1\"  >Comida<\/option><option value=\"Cena\"  class=\"choice-2 depth-1\"  >Cena<\/option><\/select><\/div><div id=\"wpforms-2357-field_12-container\" class=\"wpforms-field wpforms-field-select wpforms-field-select-style-classic\" data-field-id=\"12\"><label class=\"wpforms-field-label\" for=\"wpforms-2357-field_12\">En torno a qu\u00e9 presupuesto tienes<\/label><select id=\"wpforms-2357-field_12\" class=\"wpforms-field-medium\" name=\"wpforms[fields][12]\"><option value=\"25\u20ac \/ persona\"  class=\"choice-1 depth-1\"  >25\u20ac \/ persona<\/option><option value=\"30\u20ac \/ persona\"  class=\"choice-2 depth-1\"  >30\u20ac \/ persona<\/option><option value=\"40\u20ac \/ persona\"  class=\"choice-3 depth-1\"  >40\u20ac \/ persona<\/option><\/select><\/div><div id=\"wpforms-2357-field_15-container\" class=\"wpforms-field wpforms-field-number\" data-field-id=\"15\"><label class=\"wpforms-field-label\" for=\"wpforms-2357-field_15\">N\u00famero de personas aproximado<\/label><input type=\"number\" id=\"wpforms-2357-field_15\" class=\"wpforms-field-medium\" name=\"wpforms[fields][15]\" step=\"any\" ><\/div><div id=\"wpforms-2357-field_11-container\" class=\"wpforms-field wpforms-field-radio\" data-field-id=\"11\"><label class=\"wpforms-field-label\">C\u00f3mo prefieres que te contactemos<\/label><ul id=\"wpforms-2357-field_11\"><li class=\"choice-1 depth-1\"><input type=\"radio\" id=\"wpforms-2357-field_11_1\" name=\"wpforms[fields][11]\" value=\"Whatsapp\"  ><label class=\"wpforms-field-label-inline\" for=\"wpforms-2357-field_11_1\">Whatsapp<\/label><\/li><li class=\"choice-2 depth-1\"><input type=\"radio\" id=\"wpforms-2357-field_11_2\" name=\"wpforms[fields][11]\" value=\"Llamada\"  ><label class=\"wpforms-field-label-inline\" for=\"wpforms-2357-field_11_2\">Llamada<\/label><\/li><li class=\"choice-3 depth-1\"><input type=\"radio\" id=\"wpforms-2357-field_11_3\" name=\"wpforms[fields][11]\" value=\"Correo electr\u00f3nico\"  ><label class=\"wpforms-field-label-inline\" for=\"wpforms-2357-field_11_3\">Correo electr\u00f3nico<\/label><\/li><\/ul><\/div><div id=\"wpforms-2357-field_4-container\" class=\"wpforms-field wpforms-field-text\" data-field-id=\"4\"><label class=\"wpforms-field-label wpforms-label-hide\" for=\"wpforms-2357-field_4\">Asunto <span class=\"wpforms-required-label\">*<\/span><\/label><input type=\"text\" id=\"wpforms-2357-field_4\" class=\"wpforms-field-large wpforms-field-required\" name=\"wpforms[fields][4]\" placeholder=\"Asunto\" required><\/div><div id=\"wpforms-2357-field_2-container\" class=\"wpforms-field wpforms-field-textarea\" data-field-id=\"2\"><label class=\"wpforms-field-label wpforms-label-hide\" for=\"wpforms-2357-field_2\">Mensaje <span class=\"wpforms-required-label\">*<\/span><\/label><textarea id=\"wpforms-2357-field_2\" class=\"wpforms-field-large wpforms-field-required\" name=\"wpforms[fields][2]\" placeholder=\"Hola, quiero reservar un cumplea\u00f1os de 18 a\u00f1os, me gustar\u00eda que fuera...\" required><\/textarea><\/div><script>\n\t\t\t\t( function() {\n\t\t\t\t\tconst style = document.createElement( 'style' );\n\t\t\t\t\tstyle.appendChild( document.createTextNode( '#wpforms-2357-field_1-container { position: absolute !important; overflow: hidden !important; display: inline !important; height: 1px !important; width: 1px !important; z-index: -1000 !important; padding: 0 !important; } #wpforms-2357-field_1-container input { visibility: hidden; } #wpforms-conversational-form-page #wpforms-2357-field_1-container label { counter-increment: none; }' ) );\n\t\t\t\t\tdocument.head.appendChild( style );\n\t\t\t\t\tdocument.currentScript?.remove();\n\t\t\t\t} )();\n\t\t\t<\/script><\/div><!-- .wpforms-field-container --><div class=\"wpforms-submit-container\" ><input type=\"hidden\" name=\"wpforms[id]\" value=\"2357\"><input type=\"hidden\" name=\"page_title\" value=\"\"><input type=\"hidden\" name=\"page_url\" value=\"https:\/\/ukelelegastro.es\/en\/wp-json\/wp\/v2\/pages\/2351\"><input type=\"hidden\" name=\"url_referer\" value=\"\"><button type=\"submit\" name=\"wpforms[submit]\" id=\"wpforms-submit-2357\" class=\"wpforms-submit\" data-alt-text=\"Enviando, queda poco...\" data-submit-text=\"Enviar\" aria-live=\"assertive\" value=\"wpforms-submit\">Enviar<\/button><\/div><\/form><\/div>  <!-- .wpforms-container -->\n\n","protected":false},"excerpt":{"rendered":"","protected":false},"author":1,"featured_media":0,"parent":0,"menu_order":0,"comment_status":"closed","ping_status":"closed","template":"","meta":{"_uag_custom_page_level_css":"","site-sidebar-layout":"no-sidebar","site-content-layout":"page-builder","ast-site-content-layout":"full-width-container","site-content-style":"unboxed","site-sidebar-style":"unboxed","ast-global-header-display":"","ast-banner-title-visibility":"","ast-main-header-display":"","ast-hfb-above-header-display":"","ast-hfb-below-header-display":"","ast-hfb-mobile-header-display":"","site-post-title":"disabled","ast-breadcrumbs-content":"","ast-featured-img":"disabled","footer-sml-layout":"","ast-disable-related-posts":"","theme-transparent-header-meta":"","adv-header-id-meta":"","stick-header-meta":"","header-above-stick-meta":"","header-main-stick-meta":"","header-below-stick-meta":"","astra-migrate-meta-layouts":"set","ast-page-background-enabled":"default","ast-page-background-meta":{"desktop":{"background-color":"","background-image":"","background-repeat":"repeat","background-position":"center center","background-size":"auto","background-attachment":"scroll","background-type":"","background-media":"","overlay-type":"","overlay-color":"","overlay-opacity":"","overlay-gradient":""},"tablet":{"background-color":"","background-image":"","background-repeat":"repeat","background-position":"center center","background-size":"auto","background-attachment":"scroll","background-type":"","background-media":"","overlay-type":"","overlay-color":"","overlay-opacity":"","overlay-gradient":""},"mobile":{"background-color":"","background-image":"","background-repeat":"repeat","background-position":"center center","background-size":"auto","background-attachment":"scroll","background-type":"","background-media":"","overlay-type":"","overlay-color":"","overlay-opacity":"","overlay-gradient":""}},"ast-content-background-meta":{"desktop":{"background-color":"var(--ast-global-color-5)","background-image":"","background-repeat":"repeat","background-position":"center center","background-size":"auto","background-attachment":"scroll","background-type":"","background-media":"","overlay-type":"","overlay-color":"","overlay-opacity":"","overlay-gradient":""},"tablet":{"background-color":"var(--ast-global-color-5)","background-image":"","background-repeat":"repeat","background-position":"center center","background-size":"auto","background-attachment":"scroll","background-type":"","background-media":"","overlay-type":"","overlay-color":"","overlay-opacity":"","overlay-gradient":""},"mobile":{"background-color":"var(--ast-global-color-5)","background-image":"","background-repeat":"repeat","background-position":"center center","background-size":"auto","background-attachment":"scroll","background-type":"","background-media":"","overlay-type":"","overlay-color":"","overlay-opacity":"","overlay-gradient":""}},"footnotes":""},"class_list":["post-2351","page","type-page","status-publish","hentry"],"yoast_head":"<!-- This site is optimized with the Yoast SEO plugin v25.3 - https:\/\/yoast.com\/wordpress\/plugins\/seo\/ -->\n<title>contacto-eventos - ukelelegastro.es<\/title>\n<meta name=\"description\" content=\"Rellena nuestro Contacto para Eventos de modo que puedas describir un poco m\u00e1s el evento que deseas realizar\" \/>\n<meta name=\"robots\" content=\"index, follow, max-snippet:-1, max-image-preview:large, max-video-preview:-1\" \/>\n<link rel=\"canonical\" href=\"https:\/\/ukelelegastro.es\/en\/contacto-eventos\/\" \/>\n<meta property=\"og:locale\" content=\"en_GB\" \/>\n<meta property=\"og:type\" content=\"article\" \/>\n<meta property=\"og:title\" content=\"contacto-eventos - ukelelegastro.es\" \/>\n<meta property=\"og:description\" content=\"Rellena nuestro Contacto para Eventos de modo que puedas describir un poco m\u00e1s el evento que deseas realizar\" \/>\n<meta property=\"og:url\" content=\"https:\/\/ukelelegastro.es\/en\/contacto-eventos\/\" \/>\n<meta property=\"og:site_name\" content=\"ukelelegastro.es\" \/>\n<meta property=\"article:publisher\" content=\"https:\/\/m.facebook.com\/100095652725861\/\" \/>\n<meta property=\"article:modified_time\" content=\"2025-03-12T17:49:28+00:00\" \/>\n<meta property=\"og:image\" content=\"https:\/\/ukelelegastro.es\/wp-content\/uploads\/2025\/02\/entrada-ukelele-vertical.jpg\" \/>\n\t<meta property=\"og:image:width\" content=\"1920\" \/>\n\t<meta property=\"og:image:height\" content=\"1920\" \/>\n\t<meta property=\"og:image:type\" content=\"image\/jpeg\" \/>\n<meta name=\"twitter:card\" content=\"summary_large_image\" \/>\n<meta name=\"twitter:label1\" content=\"Estimated reading time\" \/>\n\t<meta name=\"twitter:data1\" content=\"1 minute\" \/>\n<script type=\"application\/ld+json\" class=\"yoast-schema-graph\">{\"@context\":\"https:\/\/schema.org\",\"@graph\":[{\"@type\":\"WebPage\",\"@id\":\"https:\/\/ukelelegastro.es\/contacto-eventos\/\",\"url\":\"https:\/\/ukelelegastro.es\/contacto-eventos\/\",\"name\":\"contacto-eventos - ukelelegastro.es\",\"isPartOf\":{\"@id\":\"https:\/\/www.ukelelegastro.es\/#website\"},\"datePublished\":\"2025-02-20T12:46:59+00:00\",\"dateModified\":\"2025-03-12T17:49:28+00:00\",\"description\":\"Rellena nuestro Contacto para Eventos de modo que puedas describir un poco m\u00e1s el evento que deseas realizar\",\"breadcrumb\":{\"@id\":\"https:\/\/ukelelegastro.es\/contacto-eventos\/#breadcrumb\"},\"inLanguage\":\"en-GB\",\"potentialAction\":[{\"@type\":\"ReadAction\",\"target\":[\"https:\/\/ukelelegastro.es\/contacto-eventos\/\"]}]},{\"@type\":\"BreadcrumbList\",\"@id\":\"https:\/\/ukelelegastro.es\/contacto-eventos\/#breadcrumb\",\"itemListElement\":[{\"@type\":\"ListItem\",\"position\":1,\"name\":\"Home\",\"item\":\"https:\/\/ukelelegastro.es\/\"},{\"@type\":\"ListItem\",\"position\":2,\"name\":\"contacto-eventos\"}]},{\"@type\":\"WebSite\",\"@id\":\"https:\/\/www.ukelelegastro.es\/#website\",\"url\":\"https:\/\/www.ukelelegastro.es\/\",\"name\":\"ukelelegastro.es\",\"description\":\"Ukelele Gastro Lounge Valencia\",\"publisher\":{\"@id\":\"https:\/\/www.ukelelegastro.es\/#organization\"},\"potentialAction\":[{\"@type\":\"SearchAction\",\"target\":{\"@type\":\"EntryPoint\",\"urlTemplate\":\"https:\/\/www.ukelelegastro.es\/?s={search_term_string}\"},\"query-input\":{\"@type\":\"PropertyValueSpecification\",\"valueRequired\":true,\"valueName\":\"search_term_string\"}}],\"inLanguage\":\"en-GB\"},{\"@type\":\"Organization\",\"@id\":\"https:\/\/www.ukelelegastro.es\/#organization\",\"name\":\"Ukelele Gastro Lounge\",\"url\":\"https:\/\/www.ukelelegastro.es\/\",\"logo\":{\"@type\":\"ImageObject\",\"inLanguage\":\"en-GB\",\"@id\":\"https:\/\/www.ukelelegastro.es\/#\/schema\/logo\/image\/\",\"url\":\"https:\/\/ukelelegastro.es\/wp-content\/uploads\/2025\/03\/logo-ukelele-negro-fondo-naranja.png\",\"contentUrl\":\"https:\/\/ukelelegastro.es\/wp-content\/uploads\/2025\/03\/logo-ukelele-negro-fondo-naranja.png\",\"width\":500,\"height\":500,\"caption\":\"Ukelele Gastro Lounge\"},\"image\":{\"@id\":\"https:\/\/www.ukelelegastro.es\/#\/schema\/logo\/image\/\"},\"sameAs\":[\"https:\/\/m.facebook.com\/100095652725861\/\",\"https:\/\/www.instagram.com\/ukelele.gastrolounge\/\"]}]}<\/script>\n<!-- \/ Yoast SEO plugin. -->","yoast_head_json":{"title":"contacto-eventos - ukelelegastro.es","description":"Rellena nuestro Contacto para Eventos de modo que puedas describir un poco m\u00e1s el evento que deseas realizar","robots":{"index":"index","follow":"follow","max-snippet":"max-snippet:-1","max-image-preview":"max-image-preview:large","max-video-preview":"max-video-preview:-1"},"canonical":"https:\/\/ukelelegastro.es\/en\/contacto-eventos\/","og_locale":"en_GB","og_type":"article","og_title":"contacto-eventos - ukelelegastro.es","og_description":"Rellena nuestro Contacto para Eventos de modo que puedas describir un poco m\u00e1s el evento que deseas realizar","og_url":"https:\/\/ukelelegastro.es\/en\/contacto-eventos\/","og_site_name":"ukelelegastro.es","article_publisher":"https:\/\/m.facebook.com\/100095652725861\/","article_modified_time":"2025-03-12T17:49:28+00:00","og_image":[{"width":1920,"height":1920,"url":"https:\/\/ukelelegastro.es\/wp-content\/uploads\/2025\/02\/entrada-ukelele-vertical.jpg","type":"image\/jpeg"}],"twitter_card":"summary_large_image","twitter_misc":{"Estimated reading time":"1 minute"},"schema":{"@context":"https:\/\/schema.org","@graph":[{"@type":"WebPage","@id":"https:\/\/ukelelegastro.es\/contacto-eventos\/","url":"https:\/\/ukelelegastro.es\/contacto-eventos\/","name":"contacto-eventos - ukelelegastro.es","isPartOf":{"@id":"https:\/\/www.ukelelegastro.es\/#website"},"datePublished":"2025-02-20T12:46:59+00:00","dateModified":"2025-03-12T17:49:28+00:00","description":"Rellena nuestro Contacto para Eventos de modo que puedas describir un poco m\u00e1s el evento que deseas realizar","breadcrumb":{"@id":"https:\/\/ukelelegastro.es\/contacto-eventos\/#breadcrumb"},"inLanguage":"en-GB","potentialAction":[{"@type":"ReadAction","target":["https:\/\/ukelelegastro.es\/contacto-eventos\/"]}]},{"@type":"BreadcrumbList","@id":"https:\/\/ukelelegastro.es\/contacto-eventos\/#breadcrumb","itemListElement":[{"@type":"ListItem","position":1,"name":"Home","item":"https:\/\/ukelelegastro.es\/"},{"@type":"ListItem","position":2,"name":"contacto-eventos"}]},{"@type":"WebSite","@id":"https:\/\/www.ukelelegastro.es\/#website","url":"https:\/\/www.ukelelegastro.es\/","name":"ukelelegastro.es","description":"Ukelele Gastro Lounge Valencia","publisher":{"@id":"https:\/\/www.ukelelegastro.es\/#organization"},"potentialAction":[{"@type":"SearchAction","target":{"@type":"EntryPoint","urlTemplate":"https:\/\/www.ukelelegastro.es\/?s={search_term_string}"},"query-input":{"@type":"PropertyValueSpecification","valueRequired":true,"valueName":"search_term_string"}}],"inLanguage":"en-GB"},{"@type":"Organization","@id":"https:\/\/www.ukelelegastro.es\/#organization","name":"Ukelele Gastro Lounge","url":"https:\/\/www.ukelelegastro.es\/","logo":{"@type":"ImageObject","inLanguage":"en-GB","@id":"https:\/\/www.ukelelegastro.es\/#\/schema\/logo\/image\/","url":"https:\/\/ukelelegastro.es\/wp-content\/uploads\/2025\/03\/logo-ukelele-negro-fondo-naranja.png","contentUrl":"https:\/\/ukelelegastro.es\/wp-content\/uploads\/2025\/03\/logo-ukelele-negro-fondo-naranja.png","width":500,"height":500,"caption":"Ukelele Gastro Lounge"},"image":{"@id":"https:\/\/www.ukelelegastro.es\/#\/schema\/logo\/image\/"},"sameAs":["https:\/\/m.facebook.com\/100095652725861\/","https:\/\/www.instagram.com\/ukelele.gastrolounge\/"]}]}},"uagb_featured_image_src":{"full":false,"thumbnail":false,"medium":false,"medium_large":false,"large":false,"1536x1536":false,"2048x2048":false,"trp-custom-language-flag":false},"uagb_author_info":{"display_name":"ukelele.vlc@gmail.com","author_link":"https:\/\/ukelelegastro.es\/en\/author\/ukelele-vlcgmail-com\/"},"uagb_comment_info":0,"uagb_excerpt":null,"_links":{"self":[{"href":"https:\/\/ukelelegastro.es\/en\/wp-json\/wp\/v2\/pages\/2351","targetHints":{"allow":["GET"]}}],"collection":[{"href":"https:\/\/ukelelegastro.es\/en\/wp-json\/wp\/v2\/pages"}],"about":[{"href":"https:\/\/ukelelegastro.es\/en\/wp-json\/wp\/v2\/types\/page"}],"author":[{"embeddable":true,"href":"https:\/\/ukelelegastro.es\/en\/wp-json\/wp\/v2\/users\/1"}],"replies":[{"embeddable":true,"href":"https:\/\/ukelelegastro.es\/en\/wp-json\/wp\/v2\/comments?post=2351"}],"version-history":[{"count":4,"href":"https:\/\/ukelelegastro.es\/en\/wp-json\/wp\/v2\/pages\/2351\/revisions"}],"predecessor-version":[{"id":2359,"href":"https:\/\/ukelelegastro.es\/en\/wp-json\/wp\/v2\/pages\/2351\/revisions\/2359"}],"wp:attachment":[{"href":"https:\/\/ukelelegastro.es\/en\/wp-json\/wp\/v2\/media?parent=2351"}],"curies":[{"name":"wp","href":"https:\/\/api.w.org\/{rel}","templated":true}]}}