{"id":2480,"date":"2025-03-21T11:05:17","date_gmt":"2025-03-21T10:05:17","guid":{"rendered":"https:\/\/ukelelegastro.es\/?page_id=2480"},"modified":"2025-03-21T13:14:51","modified_gmt":"2025-03-21T12:14:51","slug":"menu","status":"publish","type":"page","link":"https:\/\/ukelelegastro.es\/en\/menu\/","title":{"rendered":"Menu"},"content":{"rendered":"<h3>\n\t\t\t\t\tCome and enjoy our Menu and Unique Flavors\n\t\t\t\t<\/h3>\n\t\t\t<h1>\n\t\t\t\t\tA Surprising Blend\n\t\t\t\t<\/h1>\n\t\t\t<a href=\"https:\/\/bookings.last.app\/8e568613-57c3-4129-a754-89bd10df32f8\/booking\" target=\"_self\"  role=\"button\">\n\t\t\t\t\t\tBook Now\n\t\t<\/a>\n\t\t\t\t<img decoding=\"async\" src=\"https:\/\/ukelelegastro.es\/wp-content\/uploads\/2025\/03\/Ukelele-Gastro-main-menu-2000-en.png\" alt=\"Men\u00fa principal de Ukelele Gastro Lounge con entrantes, pokes especiales, hamburguesas gourmet y postres caseros\" itemprop=\"image\"\/>\n\t\t\t\t<img decoding=\"async\" src=\"https:\/\/ukelelegastro.es\/wp-content\/uploads\/2025\/03\/Ukelele-Gastro-Configure-Yourself-Menu-2000-en.png\" alt=\"En Ukelele Gastro Lounge puedes personalizar todos los ingredientes para crear tu propia hamburguesa o poke, ser\u00e1n \u00fanicos\" itemprop=\"image\"\/>\n\t\t\t\t<img decoding=\"async\" src=\"https:\/\/ukelelegastro.es\/wp-content\/uploads\/2025\/03\/Ukelele-Gastro-Drinks-Menu-2000-en.png\" alt=\"Bebidas de Ukelele Gastro Lounge con opciones sin alcohol, kombucha, smoothies, caf\u00e9s, infusiones, cervezas, vinos, combinados, copas y chupitos\" itemprop=\"image\"\/>\n\t\t\t\t<img decoding=\"async\" src=\"https:\/\/ukelelegastro.es\/wp-content\/uploads\/2025\/03\/Ukelele-Gastro-daily-menu-2000-en.png\" alt=\"Men\u00fa de mediod\u00eda en Ukelele Gastro Lounge, disponible solo en d\u00edas laborables con opciones econ\u00f3micas y equilibradas\" itemprop=\"image\"\/>\n\t\t\t\t<img decoding=\"async\" src=\"https:\/\/ukelelegastro.es\/wp-content\/uploads\/2025\/03\/Ukelele-Gastro-everyday-menu-2000-en.png\" alt=\"Men\u00fa diario de Ukelele Gastro Lounge con opciones para compartir, pokes, hamburguesas, men\u00fas individuales e infantiles\" itemprop=\"image\"\/>\n\t<p><a href=\"https:\/\/ukelelegastro.es\/en\/menu-texto\/\">Screen Reader Accessible Menu<\/a><\/p>\n\t\t\t\t<img decoding=\"async\" src=\"https:\/\/ukelelegastro.es\/wp-content\/uploads\/2018\/10\/bbq-free-img-1.png\" alt=\"bbq005-free-img.png\" itemprop=\"image\"\/>\n\t\t\t<h2>\n\t\t\t\t\tRestaurant with a Daily Menu\n\t\t\t\t<\/h2>\n\t\t\t<p>Laborables, 13:00 &#8211; 15:00<\/p>\n\t\t\t<a href=\"https:\/\/bookings.last.app\/8e568613-57c3-4129-a754-89bd10df32f8\/booking\" target=\"_self\"  role=\"button\">\n\t\t\t\t\t\tBook now\n\t\t<\/a>\n\t\t\t<h2>\n\t\t\t\t\tRestaurant with Tapas Tuesdays\n\t\t\t\t<\/h2>\n\t\t\t<p>Martes, 20:30 &#8211; 22:30<\/p>\n\t\t\t<a href=\"https:\/\/bookings.last.app\/8e568613-57c3-4129-a754-89bd10df32f8\/booking\" target=\"_self\"  role=\"button\">\n\t\t\t\t\t\tBook now\n\t\t<\/a>","protected":false},"excerpt":{"rendered":"<p>Ven y disfruta de nuestra Carta y Sabores \u00danicos Una Mezcla Sorprendente Reserva Ahora Men\u00fa accesible para lectores de pantalla Restaurante con Men\u00fa del D\u00eda Laborables, 13:00 &#8211; 15:00 Reserva Restaurante con Martes de Tapas Martes, 20:30 &#8211; 22:30 Reserva<\/p>","protected":false},"author":1,"featured_media":0,"parent":0,"menu_order":0,"comment_status":"closed","ping_status":"closed","template":"","meta":{"_uag_custom_page_level_css":"","site-sidebar-layout":"no-sidebar","site-content-layout":"page-builder","ast-site-content-layout":"full-width-container","site-content-style":"unboxed","site-sidebar-style":"unboxed","ast-global-header-display":"","ast-banner-title-visibility":"","ast-main-header-display":"","ast-hfb-above-header-display":"","ast-hfb-below-header-display":"","ast-hfb-mobile-header-display":"","site-post-title":"disabled","ast-breadcrumbs-content":"","ast-featured-img":"disabled","footer-sml-layout":"","ast-disable-related-posts":"","theme-transparent-header-meta":"default","adv-header-id-meta":"","stick-header-meta":"","header-above-stick-meta":"","header-main-stick-meta":"","header-below-stick-meta":"","astra-migrate-meta-layouts":"set","ast-page-background-enabled":"default","ast-page-background-meta":{"desktop":{"background-color":"","background-image":"","background-repeat":"repeat","background-position":"center center","background-size":"auto","background-attachment":"scroll","background-type":"","background-media":"","overlay-type":"","overlay-color":"","overlay-opacity":"","overlay-gradient":""},"tablet":{"background-color":"","background-image":"","background-repeat":"repeat","background-position":"center center","background-size":"auto","background-attachment":"scroll","background-type":"","background-media":"","overlay-type":"","overlay-color":"","overlay-opacity":"","overlay-gradient":""},"mobile":{"background-color":"","background-image":"","background-repeat":"repeat","background-position":"center center","background-size":"auto","background-attachment":"scroll","background-type":"","background-media":"","overlay-type":"","overlay-color":"","overlay-opacity":"","overlay-gradient":""}},"ast-content-background-meta":{"desktop":{"background-color":"var(--ast-global-color-5)","background-image":"","background-repeat":"repeat","background-position":"center center","background-size":"auto","background-attachment":"scroll","background-type":"","background-media":"","overlay-type":"","overlay-color":"","overlay-opacity":"","overlay-gradient":""},"tablet":{"background-color":"var(--ast-global-color-5)","background-image":"","background-repeat":"repeat","background-position":"center center","background-size":"auto","background-attachment":"scroll","background-type":"","background-media":"","overlay-type":"","overlay-color":"","overlay-opacity":"","overlay-gradient":""},"mobile":{"background-color":"var(--ast-global-color-5)","background-image":"","background-repeat":"repeat","background-position":"center center","background-size":"auto","background-attachment":"scroll","background-type":"","background-media":"","overlay-type":"","overlay-color":"","overlay-opacity":"","overlay-gradient":""}},"footnotes":""},"class_list":["post-2480","page","type-page","status-publish","hentry"],"yoast_head":"<!-- This site is optimized with the Yoast SEO plugin v25.3 - https:\/\/yoast.com\/wordpress\/plugins\/seo\/ -->\n<title>Men\u00fa Restaurante Ukelele Gastro: variedad, calidad y frescura<\/title>\n<meta name=\"description\" content=\"Men\u00fa \u00b7 Entrantes Starters \u00b7 Burgers Hamburguesas \u00b7 Smash Burgers \u00b7 Poke Bowls \u00b7 Ni\u00f1os Kids \u00b7Ensaladas Salads \u00b7 Tapas \u00b7 Postres Deserts\" \/>\n<meta name=\"robots\" content=\"index, follow, max-snippet:-1, max-image-preview:large, max-video-preview:-1\" \/>\n<link rel=\"canonical\" href=\"https:\/\/ukelelegastro.es\/en\/menu\/\" \/>\n<meta property=\"og:locale\" content=\"en_GB\" \/>\n<meta property=\"og:type\" content=\"article\" \/>\n<meta property=\"og:title\" content=\"Men\u00fa Restaurante Ukelele Gastro: variedad, calidad y frescura\" \/>\n<meta property=\"og:description\" content=\"Men\u00fa \u00b7 Entrantes Starters \u00b7 Burgers Hamburguesas \u00b7 Smash Burgers \u00b7 Poke Bowls \u00b7 Ni\u00f1os Kids \u00b7Ensaladas Salads \u00b7 Tapas \u00b7 Postres Deserts\" \/>\n<meta property=\"og:url\" content=\"https:\/\/ukelelegastro.es\/en\/menu\/\" \/>\n<meta property=\"og:site_name\" content=\"ukelelegastro.es\" \/>\n<meta property=\"article:publisher\" content=\"https:\/\/m.facebook.com\/100095652725861\/\" \/>\n<meta property=\"article:modified_time\" content=\"2025-03-21T12:14:51+00:00\" \/>\n<meta property=\"og:image\" content=\"https:\/\/ukelelegastro.es\/wp-content\/uploads\/2025\/03\/Ukelele-Gastro-Menu-principal-2000.png\" \/>\n<meta name=\"twitter:card\" content=\"summary_large_image\" \/>\n<meta name=\"twitter:label1\" content=\"Estimated reading time\" \/>\n\t<meta name=\"twitter:data1\" content=\"2 minutes\" \/>\n<script type=\"application\/ld+json\" class=\"yoast-schema-graph\">{\"@context\":\"https:\/\/schema.org\",\"@graph\":[{\"@type\":\"WebPage\",\"@id\":\"https:\/\/ukelelegastro.es\/menu\/\",\"url\":\"https:\/\/ukelelegastro.es\/menu\/\",\"name\":\"Men\u00fa Restaurante Ukelele Gastro: variedad, calidad y frescura\",\"isPartOf\":{\"@id\":\"https:\/\/www.ukelelegastro.es\/#website\"},\"primaryImageOfPage\":{\"@id\":\"https:\/\/ukelelegastro.es\/menu\/#primaryimage\"},\"image\":{\"@id\":\"https:\/\/ukelelegastro.es\/menu\/#primaryimage\"},\"thumbnailUrl\":\"https:\/\/ukelelegastro.es\/wp-content\/uploads\/2025\/03\/Ukelele-Gastro-Menu-principal-2000.png\",\"datePublished\":\"2025-03-21T10:05:17+00:00\",\"dateModified\":\"2025-03-21T12:14:51+00:00\",\"description\":\"Men\u00fa \u00b7 Entrantes Starters \u00b7 Burgers Hamburguesas \u00b7 Smash Burgers \u00b7 Poke Bowls \u00b7 Ni\u00f1os Kids \u00b7Ensaladas Salads \u00b7 Tapas \u00b7 Postres Deserts\",\"breadcrumb\":{\"@id\":\"https:\/\/ukelelegastro.es\/menu\/#breadcrumb\"},\"inLanguage\":\"en-GB\",\"potentialAction\":[{\"@type\":\"ReadAction\",\"target\":[\"https:\/\/ukelelegastro.es\/menu\/\"]}]},{\"@type\":\"ImageObject\",\"inLanguage\":\"en-GB\",\"@id\":\"https:\/\/ukelelegastro.es\/menu\/#primaryimage\",\"url\":\"https:\/\/ukelelegastro.es\/wp-content\/uploads\/2025\/03\/Ukelele-Gastro-Menu-principal-2000.png\",\"contentUrl\":\"https:\/\/ukelelegastro.es\/wp-content\/uploads\/2025\/03\/Ukelele-Gastro-Menu-principal-2000.png\"},{\"@type\":\"BreadcrumbList\",\"@id\":\"https:\/\/ukelelegastro.es\/menu\/#breadcrumb\",\"itemListElement\":[{\"@type\":\"ListItem\",\"position\":1,\"name\":\"Home\",\"item\":\"https:\/\/ukelelegastro.es\/\"},{\"@type\":\"ListItem\",\"position\":2,\"name\":\"Menu\"}]},{\"@type\":\"WebSite\",\"@id\":\"https:\/\/www.ukelelegastro.es\/#website\",\"url\":\"https:\/\/www.ukelelegastro.es\/\",\"name\":\"ukelelegastro.es\",\"description\":\"Ukelele Gastro Lounge Valencia\",\"publisher\":{\"@id\":\"https:\/\/www.ukelelegastro.es\/#organization\"},\"potentialAction\":[{\"@type\":\"SearchAction\",\"target\":{\"@type\":\"EntryPoint\",\"urlTemplate\":\"https:\/\/www.ukelelegastro.es\/?s={search_term_string}\"},\"query-input\":{\"@type\":\"PropertyValueSpecification\",\"valueRequired\":true,\"valueName\":\"search_term_string\"}}],\"inLanguage\":\"en-GB\"},{\"@type\":\"Organization\",\"@id\":\"https:\/\/www.ukelelegastro.es\/#organization\",\"name\":\"Ukelele Gastro Lounge\",\"url\":\"https:\/\/www.ukelelegastro.es\/\",\"logo\":{\"@type\":\"ImageObject\",\"inLanguage\":\"en-GB\",\"@id\":\"https:\/\/www.ukelelegastro.es\/#\/schema\/logo\/image\/\",\"url\":\"https:\/\/ukelelegastro.es\/wp-content\/uploads\/2025\/03\/logo-ukelele-negro-fondo-naranja.png\",\"contentUrl\":\"https:\/\/ukelelegastro.es\/wp-content\/uploads\/2025\/03\/logo-ukelele-negro-fondo-naranja.png\",\"width\":500,\"height\":500,\"caption\":\"Ukelele Gastro Lounge\"},\"image\":{\"@id\":\"https:\/\/www.ukelelegastro.es\/#\/schema\/logo\/image\/\"},\"sameAs\":[\"https:\/\/m.facebook.com\/100095652725861\/\",\"https:\/\/www.instagram.com\/ukelele.gastrolounge\/\"]}]}<\/script>\n<!-- \/ Yoast SEO plugin. -->","yoast_head_json":{"title":"Men\u00fa Restaurante Ukelele Gastro: variedad, calidad y frescura","description":"Men\u00fa \u00b7 Entrantes Starters \u00b7 Burgers Hamburguesas \u00b7 Smash Burgers \u00b7 Poke Bowls \u00b7 Ni\u00f1os Kids \u00b7Ensaladas Salads \u00b7 Tapas \u00b7 Postres Deserts","robots":{"index":"index","follow":"follow","max-snippet":"max-snippet:-1","max-image-preview":"max-image-preview:large","max-video-preview":"max-video-preview:-1"},"canonical":"https:\/\/ukelelegastro.es\/en\/menu\/","og_locale":"en_GB","og_type":"article","og_title":"Men\u00fa Restaurante Ukelele Gastro: variedad, calidad y frescura","og_description":"Men\u00fa \u00b7 Entrantes Starters \u00b7 Burgers Hamburguesas \u00b7 Smash Burgers \u00b7 Poke Bowls \u00b7 Ni\u00f1os Kids \u00b7Ensaladas Salads \u00b7 Tapas \u00b7 Postres Deserts","og_url":"https:\/\/ukelelegastro.es\/en\/menu\/","og_site_name":"ukelelegastro.es","article_publisher":"https:\/\/m.facebook.com\/100095652725861\/","article_modified_time":"2025-03-21T12:14:51+00:00","og_image":[{"url":"https:\/\/ukelelegastro.es\/wp-content\/uploads\/2025\/03\/Ukelele-Gastro-Menu-principal-2000.png","type":"","width":"","height":""}],"twitter_card":"summary_large_image","twitter_misc":{"Estimated reading time":"2 minutes"},"schema":{"@context":"https:\/\/schema.org","@graph":[{"@type":"WebPage","@id":"https:\/\/ukelelegastro.es\/menu\/","url":"https:\/\/ukelelegastro.es\/menu\/","name":"Men\u00fa Restaurante Ukelele Gastro: variedad, calidad y frescura","isPartOf":{"@id":"https:\/\/www.ukelelegastro.es\/#website"},"primaryImageOfPage":{"@id":"https:\/\/ukelelegastro.es\/menu\/#primaryimage"},"image":{"@id":"https:\/\/ukelelegastro.es\/menu\/#primaryimage"},"thumbnailUrl":"https:\/\/ukelelegastro.es\/wp-content\/uploads\/2025\/03\/Ukelele-Gastro-Menu-principal-2000.png","datePublished":"2025-03-21T10:05:17+00:00","dateModified":"2025-03-21T12:14:51+00:00","description":"Men\u00fa \u00b7 Entrantes Starters \u00b7 Burgers Hamburguesas \u00b7 Smash Burgers \u00b7 Poke Bowls \u00b7 Ni\u00f1os Kids \u00b7Ensaladas Salads \u00b7 Tapas \u00b7 Postres Deserts","breadcrumb":{"@id":"https:\/\/ukelelegastro.es\/menu\/#breadcrumb"},"inLanguage":"en-GB","potentialAction":[{"@type":"ReadAction","target":["https:\/\/ukelelegastro.es\/menu\/"]}]},{"@type":"ImageObject","inLanguage":"en-GB","@id":"https:\/\/ukelelegastro.es\/menu\/#primaryimage","url":"https:\/\/ukelelegastro.es\/wp-content\/uploads\/2025\/03\/Ukelele-Gastro-Menu-principal-2000.png","contentUrl":"https:\/\/ukelelegastro.es\/wp-content\/uploads\/2025\/03\/Ukelele-Gastro-Menu-principal-2000.png"},{"@type":"BreadcrumbList","@id":"https:\/\/ukelelegastro.es\/menu\/#breadcrumb","itemListElement":[{"@type":"ListItem","position":1,"name":"Home","item":"https:\/\/ukelelegastro.es\/"},{"@type":"ListItem","position":2,"name":"Menu"}]},{"@type":"WebSite","@id":"https:\/\/www.ukelelegastro.es\/#website","url":"https:\/\/www.ukelelegastro.es\/","name":"ukelelegastro.es","description":"Ukelele Gastro Lounge Valencia","publisher":{"@id":"https:\/\/www.ukelelegastro.es\/#organization"},"potentialAction":[{"@type":"SearchAction","target":{"@type":"EntryPoint","urlTemplate":"https:\/\/www.ukelelegastro.es\/?s={search_term_string}"},"query-input":{"@type":"PropertyValueSpecification","valueRequired":true,"valueName":"search_term_string"}}],"inLanguage":"en-GB"},{"@type":"Organization","@id":"https:\/\/www.ukelelegastro.es\/#organization","name":"Ukelele Gastro Lounge","url":"https:\/\/www.ukelelegastro.es\/","logo":{"@type":"ImageObject","inLanguage":"en-GB","@id":"https:\/\/www.ukelelegastro.es\/#\/schema\/logo\/image\/","url":"https:\/\/ukelelegastro.es\/wp-content\/uploads\/2025\/03\/logo-ukelele-negro-fondo-naranja.png","contentUrl":"https:\/\/ukelelegastro.es\/wp-content\/uploads\/2025\/03\/logo-ukelele-negro-fondo-naranja.png","width":500,"height":500,"caption":"Ukelele Gastro Lounge"},"image":{"@id":"https:\/\/www.ukelelegastro.es\/#\/schema\/logo\/image\/"},"sameAs":["https:\/\/m.facebook.com\/100095652725861\/","https:\/\/www.instagram.com\/ukelele.gastrolounge\/"]}]}},"uagb_featured_image_src":{"full":false,"thumbnail":false,"medium":false,"medium_large":false,"large":false,"1536x1536":false,"2048x2048":false,"trp-custom-language-flag":false},"uagb_author_info":{"display_name":"ukelele.vlc@gmail.com","author_link":"https:\/\/ukelelegastro.es\/en\/author\/ukelele-vlcgmail-com\/"},"uagb_comment_info":0,"uagb_excerpt":"Ven y disfruta de nuestra Carta y Sabores \u00danicos Una Mezcla Sorprendente Reserva Ahora Men\u00fa accesible para lectores de pantalla Restaurante con Men\u00fa del D\u00eda Laborables, 13:00 &#8211; 15:00 Reserva Restaurante con Martes de Tapas Martes, 20:30 &#8211; 22:30 Reserva","_links":{"self":[{"href":"https:\/\/ukelelegastro.es\/en\/wp-json\/wp\/v2\/pages\/2480","targetHints":{"allow":["GET"]}}],"collection":[{"href":"https:\/\/ukelelegastro.es\/en\/wp-json\/wp\/v2\/pages"}],"about":[{"href":"https:\/\/ukelelegastro.es\/en\/wp-json\/wp\/v2\/types\/page"}],"author":[{"embeddable":true,"href":"https:\/\/ukelelegastro.es\/en\/wp-json\/wp\/v2\/users\/1"}],"replies":[{"embeddable":true,"href":"https:\/\/ukelelegastro.es\/en\/wp-json\/wp\/v2\/comments?post=2480"}],"version-history":[{"count":19,"href":"https:\/\/ukelelegastro.es\/en\/wp-json\/wp\/v2\/pages\/2480\/revisions"}],"predecessor-version":[{"id":2516,"href":"https:\/\/ukelelegastro.es\/en\/wp-json\/wp\/v2\/pages\/2480\/revisions\/2516"}],"wp:attachment":[{"href":"https:\/\/ukelelegastro.es\/en\/wp-json\/wp\/v2\/media?parent=2480"}],"curies":[{"name":"wp","href":"https:\/\/api.w.org\/{rel}","templated":true}]}}