{"id":2506,"date":"2025-03-21T12:23:43","date_gmt":"2025-03-21T11:23:43","guid":{"rendered":"https:\/\/ukelelegastro.es\/?page_id=2506"},"modified":"2025-03-21T13:18:37","modified_gmt":"2025-03-21T12:18:37","slug":"menu-texto","status":"publish","type":"page","link":"https:\/\/ukelelegastro.es\/en\/menu-texto\/","title":{"rendered":"Text-Only Menu"},"content":{"rendered":"<!DOCTYPE html>\n<html lang=\"es\">\n<head>\n    <meta charset=\"UTF-8\">\n    <meta name=\"viewport\" content=\"width=device-width, initial-scale=1.0\">\n    <title>Ukelele Gastro &#8211; Men\u00fa Completo<\/title>\n    <style>\n        body {\n            font-family: Arial, sans-serif;\n            line-height: 1.6;\n            max-width: 800px;\n            margin: 0 auto;\n            padding: 20px;\n        }\n        h1, h2 {\n            color: #333;\n        }\n        h1 {\n            text-align: center;\n        }\n        .section {\n            margin-bottom: 40px;\n        }\n    <\/style>\n<\/head>\n<body>\n    <h1>Screen Reader Accessible Menu<\/h1>\n    \n    <div class=\"section\">\n        <h2>Main Menu<\/h2>\n        <p><strong>Starters and Appetizers:<\/strong> Vegetable gyozas, hummus, cheesebacon fries, wakame salad, Nanea wings, guacamole, crispy crab, tuna tartare, salmon tartare, cheesy nachos, prawn crackers, regular fries, sweet potato fries.<\/p>\n        \n        <h3>Burgers<\/h3>\n        <ul>\n            <li><strong>Ukelele:<\/strong> Angus beef, grilled pineapple, cheddar cheese, bacon, crispy onions, Ukelele sauce.<\/li>\n            <li><strong>Alani:<\/strong> Angus beef, roasted orange, cheddar cheese, red onion, lettuce sprouts, aioli sauce.<\/li>\n            <li><strong>Kumu:<\/strong> Angus beef, bacon, cheddar cheese, pickles, caramelized onion, aioli sauce.<\/li>\n            <li><strong>Moa Burger:<\/strong> Crispy chicken, gouda cheese, caramelized onion, egg, BBQ sauce.<\/li>\n            <li><strong>Smashed Burger:<\/strong> Smashed Angus beef, gouda cheese, red onion, tomato, burger sauce.<\/li>\n            <li><strong>Iberian:<\/strong> Aged Angus beef, 50% Iberian cured ham, truffle mayo.<\/li>\n            <li><strong>Vegan Burger:<\/strong> Heura, vegan cheese, lettuce sprouts, red onion, Ukelele sauce.<\/li>\n        <\/ul>\n        <p>*All served with fries.<\/p>\n        \n        <h3>Poke Bowls<\/h3>\n        <ul>\n            <li><strong>Ukelele:<\/strong> Sushi rice, roasted chicken, Ukelele sauce, avocado, mango, radishes, cucumber, crispy onions, yuca chips.<\/li>\n            <li><strong>Papai:<\/strong> Sushi rice, salmon, kimchi mayo sauce, mango, masago caviar, cream cheese, surimi, black sesame, shredded coconut.<\/li>\n            <li><strong>Tuna:<\/strong> Sushi rice, tuna, Japanese mayo sauce, avocado, wakame, red onion, beetroot, furikake, crispy onions.<\/li>\n            <li><strong>Opae:<\/strong> Brown rice, king prawn, truffle mayo sauce, edamame, carrot, mango, cucumber, yuca chips, chia seeds.<\/li>\n            <li><strong>Green:<\/strong> Mixed lettuces, salmon, radishes, Grana Padano, raisins, cherry tomatoes, parsley, furikake.<\/li>\n            <li><strong>Vegan:<\/strong> Quinoa, textured soy, vegan mayo, sweet corn, kiwi, cherry tomatoes, vegan cheese, seeds, crispy wakame.<\/li>\n        <\/ul>\n    <\/div>\n\n    <div class=\"section\">\n        <h2>Daily Menu<\/h2>\n        <p>Available during lunch hours on weekdays. Includes a drink, starter, main course, and dessert.<\/p>\n        <p>Burger Menu: Burger with fries, drink, and coffee or dessert.<\/p>\n        <p>Poke Menu: Preconfigured poke bowl, drink, and coffee or dessert.<\/p>\n        <p>Kids Menu: Drink, burger with fries, and dessert.<\/p>\n    <\/div>\n\n    <div class=\"section\">\n        <h2>Weekend Menu<\/h2>\n        <p>Sharing Options: Duo experience with burgers, poke bowls, light appetizer, starter, drinks, coffee, and dessert.<\/p>\n        <p>Individual Menus: Burger, poke, or kids menu with a drink and the option of coffee or dessert.<\/p>\n    <\/div>\n<\/body>\n<\/html>\n\n\n\n<div class=\"wp-block-buttons is-layout-flex wp-block-buttons-is-layout-flex\">\n<div class=\"wp-block-button\"><a class=\"wp-block-button__link has-text-align-center wp-element-button\" href=\"https:\/\/bookings.last.app\/8e568613-57c3-4129-a754-89bd10df32f8\/booking\">BOOK NOW<\/a><\/div>\n<\/div>\n\n\n\n<p><\/p>","protected":false},"excerpt":{"rendered":"<p>Ukelele Gastro &#8211; Men\u00fa Completo Men\u00fa accesible para lectores de pantalla Men\u00fa Principal Entrantes y Aperitivos: Gyozas de verduras, hummus, patatas cheesebacon, ensalada wakame, alitas nanea, guacamole, crispy crab, tartar de at\u00fan, tartar de salm\u00f3n, nachos con queso, pan de gambas, raci\u00f3n de patatas, raci\u00f3n de boniato. Burgers Ukelele: Angus, pi\u00f1a braseada, queso cheddar, bacon, [&hellip;]<\/p>\n","protected":false},"author":1,"featured_media":0,"parent":0,"menu_order":0,"comment_status":"closed","ping_status":"closed","template":"","meta":{"_uag_custom_page_level_css":"","site-sidebar-layout":"default","site-content-layout":"","ast-site-content-layout":"default","site-content-style":"default","site-sidebar-style":"default","ast-global-header-display":"","ast-banner-title-visibility":"","ast-main-header-display":"","ast-hfb-above-header-display":"","ast-hfb-below-header-display":"","ast-hfb-mobile-header-display":"","site-post-title":"","ast-breadcrumbs-content":"","ast-featured-img":"","footer-sml-layout":"","ast-disable-related-posts":"","theme-transparent-header-meta":"","adv-header-id-meta":"","stick-header-meta":"","header-above-stick-meta":"","header-main-stick-meta":"","header-below-stick-meta":"","astra-migrate-meta-layouts":"set","ast-page-background-enabled":"default","ast-page-background-meta":{"desktop":{"background-color":"","background-image":"","background-repeat":"repeat","background-position":"center center","background-size":"auto","background-attachment":"scroll","background-type":"","background-media":"","overlay-type":"","overlay-color":"","overlay-opacity":"","overlay-gradient":""},"tablet":{"background-color":"","background-image":"","background-repeat":"repeat","background-position":"center center","background-size":"auto","background-attachment":"scroll","background-type":"","background-media":"","overlay-type":"","overlay-color":"","overlay-opacity":"","overlay-gradient":""},"mobile":{"background-color":"","background-image":"","background-repeat":"repeat","background-position":"center center","background-size":"auto","background-attachment":"scroll","background-type":"","background-media":"","overlay-type":"","overlay-color":"","overlay-opacity":"","overlay-gradient":""}},"ast-content-background-meta":{"desktop":{"background-color":"var(--ast-global-color-5)","background-image":"","background-repeat":"repeat","background-position":"center center","background-size":"auto","background-attachment":"scroll","background-type":"","background-media":"","overlay-type":"","overlay-color":"","overlay-opacity":"","overlay-gradient":""},"tablet":{"background-color":"var(--ast-global-color-5)","background-image":"","background-repeat":"repeat","background-position":"center center","background-size":"auto","background-attachment":"scroll","background-type":"","background-media":"","overlay-type":"","overlay-color":"","overlay-opacity":"","overlay-gradient":""},"mobile":{"background-color":"var(--ast-global-color-5)","background-image":"","background-repeat":"repeat","background-position":"center center","background-size":"auto","background-attachment":"scroll","background-type":"","background-media":"","overlay-type":"","overlay-color":"","overlay-opacity":"","overlay-gradient":""}},"footnotes":""},"class_list":["post-2506","page","type-page","status-publish","hentry"],"yoast_head":"<!-- This site is optimized with the Yoast SEO plugin v25.3 - https:\/\/yoast.com\/wordpress\/plugins\/seo\/ -->\n<title>menu-texto - ukelelegastro.es<\/title>\n<meta name=\"description\" content=\"Menu \u00b7 Entrantes Starters \u00b7 Burgers Hamburguesas \u00b7 Smash Burgers \u00b7 Poke Bowls \u00b7 Ni\u00f1os Kids \u00b7Ensaladas Salads \u00b7 Tapas \u00b7 Postres Deserts\" \/>\n<meta name=\"robots\" content=\"index, follow, max-snippet:-1, max-image-preview:large, max-video-preview:-1\" \/>\n<link rel=\"canonical\" href=\"https:\/\/ukelelegastro.es\/en\/menu-texto\/\" \/>\n<meta property=\"og:locale\" content=\"en_GB\" \/>\n<meta property=\"og:type\" content=\"article\" \/>\n<meta property=\"og:title\" content=\"menu-texto - ukelelegastro.es\" \/>\n<meta property=\"og:description\" content=\"Menu \u00b7 Entrantes Starters \u00b7 Burgers Hamburguesas \u00b7 Smash Burgers \u00b7 Poke Bowls \u00b7 Ni\u00f1os Kids \u00b7Ensaladas Salads \u00b7 Tapas \u00b7 Postres Deserts\" \/>\n<meta property=\"og:url\" content=\"https:\/\/ukelelegastro.es\/en\/menu-texto\/\" \/>\n<meta property=\"og:site_name\" content=\"ukelelegastro.es\" \/>\n<meta property=\"article:publisher\" content=\"https:\/\/m.facebook.com\/100095652725861\/\" \/>\n<meta property=\"article:modified_time\" content=\"2025-03-21T12:18:37+00:00\" \/>\n<meta property=\"og:image\" content=\"https:\/\/ukelelegastro.es\/wp-content\/uploads\/2025\/02\/entrada-ukelele-vertical.jpg\" \/>\n\t<meta property=\"og:image:width\" content=\"1920\" \/>\n\t<meta property=\"og:image:height\" content=\"1920\" \/>\n\t<meta property=\"og:image:type\" content=\"image\/jpeg\" \/>\n<meta name=\"twitter:card\" content=\"summary_large_image\" \/>\n<meta name=\"twitter:label1\" content=\"Estimated reading time\" \/>\n\t<meta name=\"twitter:data1\" content=\"2 minutes\" \/>\n<script type=\"application\/ld+json\" class=\"yoast-schema-graph\">{\"@context\":\"https:\/\/schema.org\",\"@graph\":[{\"@type\":\"WebPage\",\"@id\":\"https:\/\/ukelelegastro.es\/menu-texto\/\",\"url\":\"https:\/\/ukelelegastro.es\/menu-texto\/\",\"name\":\"menu-texto - ukelelegastro.es\",\"isPartOf\":{\"@id\":\"https:\/\/www.ukelelegastro.es\/#website\"},\"datePublished\":\"2025-03-21T11:23:43+00:00\",\"dateModified\":\"2025-03-21T12:18:37+00:00\",\"description\":\"Menu \u00b7 Entrantes Starters \u00b7 Burgers Hamburguesas \u00b7 Smash Burgers \u00b7 Poke Bowls \u00b7 Ni\u00f1os Kids \u00b7Ensaladas Salads \u00b7 Tapas \u00b7 Postres Deserts\",\"breadcrumb\":{\"@id\":\"https:\/\/ukelelegastro.es\/menu-texto\/#breadcrumb\"},\"inLanguage\":\"en-GB\",\"potentialAction\":[{\"@type\":\"ReadAction\",\"target\":[\"https:\/\/ukelelegastro.es\/menu-texto\/\"]}]},{\"@type\":\"BreadcrumbList\",\"@id\":\"https:\/\/ukelelegastro.es\/menu-texto\/#breadcrumb\",\"itemListElement\":[{\"@type\":\"ListItem\",\"position\":1,\"name\":\"Home\",\"item\":\"https:\/\/ukelelegastro.es\/\"},{\"@type\":\"ListItem\",\"position\":2,\"name\":\"menu-texto\"}]},{\"@type\":\"WebSite\",\"@id\":\"https:\/\/www.ukelelegastro.es\/#website\",\"url\":\"https:\/\/www.ukelelegastro.es\/\",\"name\":\"ukelelegastro.es\",\"description\":\"Ukelele Gastro Lounge Valencia\",\"publisher\":{\"@id\":\"https:\/\/www.ukelelegastro.es\/#organization\"},\"potentialAction\":[{\"@type\":\"SearchAction\",\"target\":{\"@type\":\"EntryPoint\",\"urlTemplate\":\"https:\/\/www.ukelelegastro.es\/?s={search_term_string}\"},\"query-input\":{\"@type\":\"PropertyValueSpecification\",\"valueRequired\":true,\"valueName\":\"search_term_string\"}}],\"inLanguage\":\"en-GB\"},{\"@type\":\"Organization\",\"@id\":\"https:\/\/www.ukelelegastro.es\/#organization\",\"name\":\"Ukelele Gastro Lounge\",\"url\":\"https:\/\/www.ukelelegastro.es\/\",\"logo\":{\"@type\":\"ImageObject\",\"inLanguage\":\"en-GB\",\"@id\":\"https:\/\/www.ukelelegastro.es\/#\/schema\/logo\/image\/\",\"url\":\"https:\/\/ukelelegastro.es\/wp-content\/uploads\/2025\/03\/logo-ukelele-negro-fondo-naranja.png\",\"contentUrl\":\"https:\/\/ukelelegastro.es\/wp-content\/uploads\/2025\/03\/logo-ukelele-negro-fondo-naranja.png\",\"width\":500,\"height\":500,\"caption\":\"Ukelele Gastro Lounge\"},\"image\":{\"@id\":\"https:\/\/www.ukelelegastro.es\/#\/schema\/logo\/image\/\"},\"sameAs\":[\"https:\/\/m.facebook.com\/100095652725861\/\",\"https:\/\/www.instagram.com\/ukelele.gastrolounge\/\"]}]}<\/script>\n<!-- \/ Yoast SEO plugin. -->","yoast_head_json":{"title":"menu-texto - ukelelegastro.es","description":"Menu \u00b7 Entrantes Starters \u00b7 Burgers Hamburguesas \u00b7 Smash Burgers \u00b7 Poke Bowls \u00b7 Ni\u00f1os Kids \u00b7Ensaladas Salads \u00b7 Tapas \u00b7 Postres Deserts","robots":{"index":"index","follow":"follow","max-snippet":"max-snippet:-1","max-image-preview":"max-image-preview:large","max-video-preview":"max-video-preview:-1"},"canonical":"https:\/\/ukelelegastro.es\/en\/menu-texto\/","og_locale":"en_GB","og_type":"article","og_title":"menu-texto - ukelelegastro.es","og_description":"Menu \u00b7 Entrantes Starters \u00b7 Burgers Hamburguesas \u00b7 Smash Burgers \u00b7 Poke Bowls \u00b7 Ni\u00f1os Kids \u00b7Ensaladas Salads \u00b7 Tapas \u00b7 Postres Deserts","og_url":"https:\/\/ukelelegastro.es\/en\/menu-texto\/","og_site_name":"ukelelegastro.es","article_publisher":"https:\/\/m.facebook.com\/100095652725861\/","article_modified_time":"2025-03-21T12:18:37+00:00","og_image":[{"width":1920,"height":1920,"url":"https:\/\/ukelelegastro.es\/wp-content\/uploads\/2025\/02\/entrada-ukelele-vertical.jpg","type":"image\/jpeg"}],"twitter_card":"summary_large_image","twitter_misc":{"Estimated reading time":"2 minutes"},"schema":{"@context":"https:\/\/schema.org","@graph":[{"@type":"WebPage","@id":"https:\/\/ukelelegastro.es\/menu-texto\/","url":"https:\/\/ukelelegastro.es\/menu-texto\/","name":"menu-texto - ukelelegastro.es","isPartOf":{"@id":"https:\/\/www.ukelelegastro.es\/#website"},"datePublished":"2025-03-21T11:23:43+00:00","dateModified":"2025-03-21T12:18:37+00:00","description":"Menu \u00b7 Entrantes Starters \u00b7 Burgers Hamburguesas \u00b7 Smash Burgers \u00b7 Poke Bowls \u00b7 Ni\u00f1os Kids \u00b7Ensaladas Salads \u00b7 Tapas \u00b7 Postres Deserts","breadcrumb":{"@id":"https:\/\/ukelelegastro.es\/menu-texto\/#breadcrumb"},"inLanguage":"en-GB","potentialAction":[{"@type":"ReadAction","target":["https:\/\/ukelelegastro.es\/menu-texto\/"]}]},{"@type":"BreadcrumbList","@id":"https:\/\/ukelelegastro.es\/menu-texto\/#breadcrumb","itemListElement":[{"@type":"ListItem","position":1,"name":"Home","item":"https:\/\/ukelelegastro.es\/"},{"@type":"ListItem","position":2,"name":"menu-texto"}]},{"@type":"WebSite","@id":"https:\/\/www.ukelelegastro.es\/#website","url":"https:\/\/www.ukelelegastro.es\/","name":"ukelelegastro.es","description":"Ukelele Gastro Lounge Valencia","publisher":{"@id":"https:\/\/www.ukelelegastro.es\/#organization"},"potentialAction":[{"@type":"SearchAction","target":{"@type":"EntryPoint","urlTemplate":"https:\/\/www.ukelelegastro.es\/?s={search_term_string}"},"query-input":{"@type":"PropertyValueSpecification","valueRequired":true,"valueName":"search_term_string"}}],"inLanguage":"en-GB"},{"@type":"Organization","@id":"https:\/\/www.ukelelegastro.es\/#organization","name":"Ukelele Gastro Lounge","url":"https:\/\/www.ukelelegastro.es\/","logo":{"@type":"ImageObject","inLanguage":"en-GB","@id":"https:\/\/www.ukelelegastro.es\/#\/schema\/logo\/image\/","url":"https:\/\/ukelelegastro.es\/wp-content\/uploads\/2025\/03\/logo-ukelele-negro-fondo-naranja.png","contentUrl":"https:\/\/ukelelegastro.es\/wp-content\/uploads\/2025\/03\/logo-ukelele-negro-fondo-naranja.png","width":500,"height":500,"caption":"Ukelele Gastro Lounge"},"image":{"@id":"https:\/\/www.ukelelegastro.es\/#\/schema\/logo\/image\/"},"sameAs":["https:\/\/m.facebook.com\/100095652725861\/","https:\/\/www.instagram.com\/ukelele.gastrolounge\/"]}]}},"uagb_featured_image_src":{"full":false,"thumbnail":false,"medium":false,"medium_large":false,"large":false,"1536x1536":false,"2048x2048":false,"trp-custom-language-flag":false},"uagb_author_info":{"display_name":"ukelele.vlc@gmail.com","author_link":"https:\/\/ukelelegastro.es\/en\/author\/ukelele-vlcgmail-com\/"},"uagb_comment_info":0,"uagb_excerpt":"Ukelele Gastro &#8211; Men\u00fa Completo Men\u00fa accesible para lectores de pantalla Men\u00fa Principal Entrantes y Aperitivos: Gyozas de verduras, hummus, patatas cheesebacon, ensalada wakame, alitas nanea, guacamole, crispy crab, tartar de at\u00fan, tartar de salm\u00f3n, nachos con queso, pan de gambas, raci\u00f3n de patatas, raci\u00f3n de boniato. Burgers Ukelele: Angus, pi\u00f1a braseada, queso cheddar, bacon,&hellip;","_links":{"self":[{"href":"https:\/\/ukelelegastro.es\/en\/wp-json\/wp\/v2\/pages\/2506","targetHints":{"allow":["GET"]}}],"collection":[{"href":"https:\/\/ukelelegastro.es\/en\/wp-json\/wp\/v2\/pages"}],"about":[{"href":"https:\/\/ukelelegastro.es\/en\/wp-json\/wp\/v2\/types\/page"}],"author":[{"embeddable":true,"href":"https:\/\/ukelelegastro.es\/en\/wp-json\/wp\/v2\/users\/1"}],"replies":[{"embeddable":true,"href":"https:\/\/ukelelegastro.es\/en\/wp-json\/wp\/v2\/comments?post=2506"}],"version-history":[{"count":4,"href":"https:\/\/ukelelegastro.es\/en\/wp-json\/wp\/v2\/pages\/2506\/revisions"}],"predecessor-version":[{"id":2518,"href":"https:\/\/ukelelegastro.es\/en\/wp-json\/wp\/v2\/pages\/2506\/revisions\/2518"}],"wp:attachment":[{"href":"https:\/\/ukelelegastro.es\/en\/wp-json\/wp\/v2\/media?parent=2506"}],"curies":[{"name":"wp","href":"https:\/\/api.w.org\/{rel}","templated":true}]}}