{"id":9,"date":"2025-02-19T10:46:21","date_gmt":"2025-02-19T10:46:21","guid":{"rendered":"https:\/\/ukelelegastro.es\/contact-us\/"},"modified":"2025-06-09T16:06:04","modified_gmt":"2025-06-09T15:06:04","slug":"contact","status":"publish","type":"page","link":"https:\/\/ukelelegastro.es\/en\/contact\/","title":{"rendered":"Contact"},"content":{"rendered":"\n\n\t\t\t\t<img decoding=\"async\" src=\"https:\/\/ukelelegastro.es\/wp-content\/uploads\/2018\/10\/divider-free-img-1-1.png\" alt=\"divider-free-img-1.png\" itemprop=\"image\"\/>\n\t\t\t<h3>\n\t\t\t\t\tEstamos aqu\u00ed para ayudarte\n\t\t\t\t<\/h3>\n\t\t\t<h1>\n\t\t\t\t\tContacta para cualquier duda\n\t\t\t\t<\/h1>\n\t\t\t<h2>\n\t\t\t\t\t\u00bfTienes Hambre?\n\t\t\t\t<\/h2>\n\t\t\t<p>COME Y CENA CON NOSOTROS<\/p>\n\t<p>Si quieres hacer alguna petici\u00f3n especial, tenemos dos tel\u00e9fonos de contacto. Si no podemos atenderte, intentaremos llamarte m\u00e1s tarde<\/p>\n\t\t\t<h3>\n\t\t\t\t\t<a href=\"https:\/\/ukelelegastro.es\/menu\/\" title=\"Restaurante\" target=\"_self\"  aria-label=\"Go to https:\/\/ukelelegastro.es\/menu\/\">\n\t\t\t\t\t\tRestaurante\n\t\t\t\t\t\t<\/a>\n\t\t\t<\/h3>\n\t\t\t<p><a href=\"https:\/\/wa.me\/34609884237\">609 884 237<\/a><\/p>\n\t\t\t<h3>\n\t\t\t\t\t<a href=\"https:\/\/ukelelegastro.es\/eventos\/\" title=\"Eventos Privados\" target=\"_self\"  aria-label=\"Go to https:\/\/ukelelegastro.es\/eventos\/\">\n\t\t\t\t\t\tEventos Privados\n\t\t\t\t\t\t<\/a>\n\t\t\t<\/h3>\n\t\t\t<p><a href=\"https:\/\/wa.me\/34609884237\">609 884 237<\/a><\/p>\n\t\t\t\t<img decoding=\"async\" src=\"https:\/\/ukelelegastro.es\/wp-content\/uploads\/2018\/10\/divider-free-img-1-1.png\" alt=\"divider-free-img-1.png\" itemprop=\"image\"\/>\n\t\t\t<h3>\n\t\t\t\t\tContacta si tienes dudas\n\t\t\t\t<\/h3>\n\t\t\t<p>Puedes enviarlas por escrito en el siguiente formulario o venirnos a conocer f\u00edsicamente<\/p>\n\t<p><b>ESTAMOS AQU\u00cd:<\/b><\/p>\n\t<iframe width=\"550\" height=\"507\" id=\"gmap_canvas\" \n        src=\"https:\/\/maps.google.com\/maps?q=Ukelele%20Gastro%20Lounge&#038;t=&#038;z=13&#038;ie=UTF8&#038;iwloc=&#038;output=embed\" \n        frameborder=\"0\" scrolling=\"no\" marginheight=\"0\" marginwidth=\"0\">\n<\/iframe>\n\t<p><a href=\"https:\/\/maps.app.goo.gl\/vGEkAF3DLAvbJ1YBA\"><strong>\u00a1Pero si vienes en coche tambi\u00e9n puedes APARCAR SIN PAGAR AQU\u00cd!<\/strong><\/a><\/p>\n\t<div class=\"wpforms-container \" id=\"wpforms-2194\"><form id=\"wpforms-form-2194\" class=\"wpforms-validate wpforms-form\" data-formid=\"2194\" method=\"post\" enctype=\"multipart\/form-data\" action=\"\/en\/wp-json\/wp\/v2\/pages\/9\" data-token=\"16fafd1bf30dc501b8e883a30438d387\" data-token-time=\"1777581442\"><noscript class=\"wpforms-error-noscript\">Please enable JavaScript in your browser to complete this form.<\/noscript><div class=\"wpforms-field-container\"><div id=\"wpforms-2194-field_7-container\" class=\"wpforms-field wpforms-field-name\" data-field-id=\"7\"><label class=\"wpforms-field-label\" for=\"wpforms-2194-field_7\">Nombre <span class=\"wpforms-required-label\">*<\/span><\/label><input type=\"text\" id=\"wpforms-2194-field_7\" class=\"wpforms-field-medium wpforms-field-required\" name=\"wpforms[fields][7]\" required><\/div>\t\t<div id=\"wpforms-2194-field_1-container\"\n\t\t\tclass=\"wpforms-field wpforms-field-text\"\n\t\t\tdata-field-type=\"text\"\n\t\t\tdata-field-id=\"1\"\n\t\t\t>\n\t\t\t<label class=\"wpforms-field-label\" for=\"wpforms-2194-field_1\" >tel\u00e9fono N\u00famero electr\u00f3nico<\/label>\n\t\t\t<input type=\"text\" id=\"wpforms-2194-field_1\" class=\"wpforms-field-medium\" name=\"wpforms[fields][1]\" >\n\t\t<\/div>\n\t\t<div id=\"wpforms-2194-field_8-container\" class=\"wpforms-field wpforms-field-email\" data-field-id=\"8\"><label class=\"wpforms-field-label\" for=\"wpforms-2194-field_8\">Correo electr\u00f3nico <span class=\"wpforms-required-label\">*<\/span><\/label><input type=\"email\" id=\"wpforms-2194-field_8\" class=\"wpforms-field-medium wpforms-field-required\" name=\"wpforms[fields][8]\" spellcheck=\"false\" required><\/div><div id=\"wpforms-2194-field_9-container\" class=\"wpforms-field wpforms-field-number\" data-field-id=\"9\"><label class=\"wpforms-field-label\" for=\"wpforms-2194-field_9\">N\u00famero de tel\u00e9fono<\/label><input type=\"number\" id=\"wpforms-2194-field_9\" class=\"wpforms-field-medium\" name=\"wpforms[fields][9]\" step=\"any\" ><\/div><div id=\"wpforms-2194-field_11-container\" class=\"wpforms-field wpforms-field-radio\" data-field-id=\"11\"><label class=\"wpforms-field-label\">C\u00f3mo prefieres que te contactemos<\/label><ul id=\"wpforms-2194-field_11\"><li class=\"choice-1 depth-1\"><input type=\"radio\" id=\"wpforms-2194-field_11_1\" name=\"wpforms[fields][11]\" value=\"Whatsapp\"  ><label class=\"wpforms-field-label-inline\" for=\"wpforms-2194-field_11_1\">Whatsapp<\/label><\/li><li class=\"choice-2 depth-1\"><input type=\"radio\" id=\"wpforms-2194-field_11_2\" name=\"wpforms[fields][11]\" value=\"Llamada\"  ><label class=\"wpforms-field-label-inline\" for=\"wpforms-2194-field_11_2\">Llamada<\/label><\/li><li class=\"choice-3 depth-1\"><input type=\"radio\" id=\"wpforms-2194-field_11_3\" name=\"wpforms[fields][11]\" value=\"Correo electr\u00f3nico\"  ><label class=\"wpforms-field-label-inline\" for=\"wpforms-2194-field_11_3\">Correo electr\u00f3nico<\/label><\/li><\/ul><\/div><div id=\"wpforms-2194-field_4-container\" class=\"wpforms-field wpforms-field-text\" data-field-id=\"4\"><label class=\"wpforms-field-label wpforms-label-hide\" for=\"wpforms-2194-field_4\">Asunto <span class=\"wpforms-required-label\">*<\/span><\/label><input type=\"text\" id=\"wpforms-2194-field_4\" class=\"wpforms-field-large wpforms-field-required\" name=\"wpforms[fields][4]\" placeholder=\"Asunto\" required><\/div><div id=\"wpforms-2194-field_2-container\" class=\"wpforms-field wpforms-field-textarea\" data-field-id=\"2\"><label class=\"wpforms-field-label wpforms-label-hide\" for=\"wpforms-2194-field_2\">Mensaje <span class=\"wpforms-required-label\">*<\/span><\/label><textarea id=\"wpforms-2194-field_2\" class=\"wpforms-field-large wpforms-field-required\" name=\"wpforms[fields][2]\" placeholder=\"Hola, me gustar\u00eda reservar para m\u00e1s de 8 personas y no puedo en la web...\" required><\/textarea><\/div><script>\n\t\t\t\t( function() {\n\t\t\t\t\tconst style = document.createElement( 'style' );\n\t\t\t\t\tstyle.appendChild( document.createTextNode( '#wpforms-2194-field_1-container { position: absolute !important; overflow: hidden !important; display: inline !important; height: 1px !important; width: 1px !important; z-index: -1000 !important; padding: 0 !important; } #wpforms-2194-field_1-container input { visibility: hidden; } #wpforms-conversational-form-page #wpforms-2194-field_1-container label { counter-increment: none; }' ) );\n\t\t\t\t\tdocument.head.appendChild( style );\n\t\t\t\t\tdocument.currentScript?.remove();\n\t\t\t\t} )();\n\t\t\t<\/script><\/div><!-- .wpforms-field-container --><div class=\"wpforms-field wpforms-field-hp\"><label for=\"wpforms-2194-field-hp\" class=\"wpforms-field-label\">Email<\/label><input type=\"text\" name=\"wpforms[hp]\" id=\"wpforms-2194-field-hp\" class=\"wpforms-field-medium\"><\/div><div class=\"wpforms-submit-container\" ><input type=\"hidden\" name=\"wpforms[id]\" value=\"2194\"><input type=\"hidden\" name=\"page_title\" value=\"\"><input type=\"hidden\" name=\"page_url\" value=\"https:\/\/ukelelegastro.es\/en\/wp-json\/wp\/v2\/pages\/9\"><input type=\"hidden\" name=\"url_referer\" value=\"\"><button type=\"submit\" name=\"wpforms[submit]\" id=\"wpforms-submit-2194\" class=\"wpforms-submit\" data-alt-text=\"Enviando, queda poco...\" data-submit-text=\"Enviar\" aria-live=\"assertive\" value=\"wpforms-submit\">Enviar<\/button><\/div><\/form><\/div>  <!-- .wpforms-container -->\n\t\t\t\t<img decoding=\"async\" src=\"https:\/\/ukelelegastro.es\/wp-content\/uploads\/2018\/10\/divider-free-img-1-1.png\" alt=\"divider-free-img-1.png\" itemprop=\"image\"\/>\n\t\t\t<h3>\n\t\t\t\t\tNuestro Horario\n\t\t\t\t<\/h3>\n\t\t\t<p><strong>LUNES<\/strong><\/p>\n<p>13.30 &#8211; 16:00H<\/p>\n<p><strong>MARTES A JUEVES<\/strong><\/p>\n<p>13.30 &#8211; 16:00H<\/p>\n<p>20:00 &#8211; 23:00H<\/p>\n<p><strong>VIERNES Y S\u00c1BADO<\/strong><\/p>\n<p>13.30 &#8211; 16:00H<\/p>\n<p>20:15 &#8211; 00:00H<\/p>\n<p><strong>DOMINGO<\/strong><\/p>\n<p>13.30 &#8211; 16:00H<\/p>\n\t\t\t<h3>\n\t\t\t\t\tOFERTAS\n\t\t\t\t<\/h3>\n\t<p>Descubre ofertas en nuestras redes sociales<\/p>\n\n","protected":false},"excerpt":{"rendered":"<p>Estamos aqu\u00ed para ayudarte Contacta para cualquier duda \u00bfTienes Hambre? COME Y CENA CON NOSOTROS Si quieres hacer alguna petici\u00f3n especial, tenemos dos tel\u00e9fonos de contacto. Si no podemos atenderte, intentaremos llamarte m\u00e1s tarde Restaurante 609 884 237 Eventos Privados 609 884 237 Contacta si tienes dudas Puedes enviarlas por escrito en el siguiente formulario [&hellip;]<\/p>\n","protected":false},"author":1,"featured_media":0,"parent":0,"menu_order":0,"comment_status":"closed","ping_status":"closed","template":"","meta":{"_uag_custom_page_level_css":"","site-sidebar-layout":"no-sidebar","site-content-layout":"page-builder","ast-site-content-layout":"full-width-container","site-content-style":"unboxed","site-sidebar-style":"unboxed","ast-global-header-display":"","ast-banner-title-visibility":"","ast-main-header-display":"","ast-hfb-above-header-display":"","ast-hfb-below-header-display":"","ast-hfb-mobile-header-display":"","site-post-title":"disabled","ast-breadcrumbs-content":"","ast-featured-img":"disabled","footer-sml-layout":"","ast-disable-related-posts":"","theme-transparent-header-meta":"","adv-header-id-meta":"","stick-header-meta":"","header-above-stick-meta":"","header-main-stick-meta":"","header-below-stick-meta":"","astra-migrate-meta-layouts":"set","ast-page-background-enabled":"default","ast-page-background-meta":{"desktop":{"background-color":"","background-image":"","background-repeat":"repeat","background-position":"center center","background-size":"auto","background-attachment":"scroll","background-type":"","background-media":"","overlay-type":"","overlay-color":"","overlay-opacity":"","overlay-gradient":""},"tablet":{"background-color":"","background-image":"","background-repeat":"repeat","background-position":"center center","background-size":"auto","background-attachment":"scroll","background-type":"","background-media":"","overlay-type":"","overlay-color":"","overlay-opacity":"","overlay-gradient":""},"mobile":{"background-color":"","background-image":"","background-repeat":"repeat","background-position":"center center","background-size":"auto","background-attachment":"scroll","background-type":"","background-media":"","overlay-type":"","overlay-color":"","overlay-opacity":"","overlay-gradient":""}},"ast-content-background-meta":{"desktop":{"background-color":"var(--ast-global-color-5)","background-image":"","background-repeat":"repeat","background-position":"center center","background-size":"auto","background-attachment":"scroll","background-type":"","background-media":"","overlay-type":"","overlay-color":"","overlay-opacity":"","overlay-gradient":""},"tablet":{"background-color":"var(--ast-global-color-5)","background-image":"","background-repeat":"repeat","background-position":"center center","background-size":"auto","background-attachment":"scroll","background-type":"","background-media":"","overlay-type":"","overlay-color":"","overlay-opacity":"","overlay-gradient":""},"mobile":{"background-color":"var(--ast-global-color-5)","background-image":"","background-repeat":"repeat","background-position":"center center","background-size":"auto","background-attachment":"scroll","background-type":"","background-media":"","overlay-type":"","overlay-color":"","overlay-opacity":"","overlay-gradient":""}},"footnotes":""},"class_list":["post-9","page","type-page","status-publish","hentry"],"yoast_head":"<!-- This site is optimized with the Yoast SEO plugin v25.3 - https:\/\/yoast.com\/wordpress\/plugins\/seo\/ -->\n<title>Contacta<\/title>\n<meta name=\"description\" content=\"Contacta con Restaurante o Eventos Privados mediante Formulario \u00b7 Ubicaci\u00f3n \u00b7 WhatsApp \u00b7 Tel\u00e9fono \u00b7 Instagram \u00b7 Google para cualquier duda\" \/>\n<meta name=\"robots\" content=\"index, follow, max-snippet:-1, max-image-preview:large, max-video-preview:-1\" \/>\n<link rel=\"canonical\" href=\"https:\/\/ukelelegastro.es\/en\/contact\/\" \/>\n<meta property=\"og:locale\" content=\"en_GB\" \/>\n<meta property=\"og:type\" content=\"article\" \/>\n<meta property=\"og:title\" content=\"Contacta\" \/>\n<meta property=\"og:description\" content=\"Contacta con Restaurante o Eventos Privados mediante Formulario \u00b7 Ubicaci\u00f3n \u00b7 WhatsApp \u00b7 Tel\u00e9fono \u00b7 Instagram \u00b7 Google para cualquier duda\" \/>\n<meta property=\"og:url\" content=\"https:\/\/ukelelegastro.es\/en\/contact\/\" \/>\n<meta property=\"og:site_name\" content=\"ukelelegastro.es\" \/>\n<meta property=\"article:publisher\" content=\"https:\/\/m.facebook.com\/100095652725861\/\" \/>\n<meta property=\"article:modified_time\" content=\"2025-06-09T15:06:04+00:00\" \/>\n<meta property=\"og:image\" content=\"https:\/\/ukelelegastro.es\/wp-content\/uploads\/2018\/10\/divider-free-img-1-1.png\" \/>\n<meta name=\"twitter:card\" content=\"summary_large_image\" \/>\n<meta name=\"twitter:label1\" content=\"Estimated reading time\" \/>\n\t<meta name=\"twitter:data1\" content=\"2 minutes\" \/>\n<script type=\"application\/ld+json\" class=\"yoast-schema-graph\">{\"@context\":\"https:\/\/schema.org\",\"@graph\":[{\"@type\":\"WebPage\",\"@id\":\"https:\/\/ukelelegastro.es\/contact\/\",\"url\":\"https:\/\/ukelelegastro.es\/contact\/\",\"name\":\"Contacta\",\"isPartOf\":{\"@id\":\"https:\/\/www.ukelelegastro.es\/#website\"},\"primaryImageOfPage\":{\"@id\":\"https:\/\/ukelelegastro.es\/contact\/#primaryimage\"},\"image\":{\"@id\":\"https:\/\/ukelelegastro.es\/contact\/#primaryimage\"},\"thumbnailUrl\":\"https:\/\/ukelelegastro.es\/wp-content\/uploads\/2018\/10\/divider-free-img-1-1.png\",\"datePublished\":\"2025-02-19T10:46:21+00:00\",\"dateModified\":\"2025-06-09T15:06:04+00:00\",\"description\":\"Contacta con Restaurante o Eventos Privados mediante Formulario \u00b7 Ubicaci\u00f3n \u00b7 WhatsApp \u00b7 Tel\u00e9fono \u00b7 Instagram \u00b7 Google para cualquier duda\",\"breadcrumb\":{\"@id\":\"https:\/\/ukelelegastro.es\/contact\/#breadcrumb\"},\"inLanguage\":\"en-GB\",\"potentialAction\":[{\"@type\":\"ReadAction\",\"target\":[\"https:\/\/ukelelegastro.es\/contact\/\"]}]},{\"@type\":\"ImageObject\",\"inLanguage\":\"en-GB\",\"@id\":\"https:\/\/ukelelegastro.es\/contact\/#primaryimage\",\"url\":\"https:\/\/ukelelegastro.es\/wp-content\/uploads\/2018\/10\/divider-free-img-1-1.png\",\"contentUrl\":\"https:\/\/ukelelegastro.es\/wp-content\/uploads\/2018\/10\/divider-free-img-1-1.png\"},{\"@type\":\"BreadcrumbList\",\"@id\":\"https:\/\/ukelelegastro.es\/contact\/#breadcrumb\",\"itemListElement\":[{\"@type\":\"ListItem\",\"position\":1,\"name\":\"Home\",\"item\":\"https:\/\/ukelelegastro.es\/\"},{\"@type\":\"ListItem\",\"position\":2,\"name\":\"Contacto\"}]},{\"@type\":\"WebSite\",\"@id\":\"https:\/\/www.ukelelegastro.es\/#website\",\"url\":\"https:\/\/www.ukelelegastro.es\/\",\"name\":\"ukelelegastro.es\",\"description\":\"Ukelele Gastro Lounge Valencia\",\"publisher\":{\"@id\":\"https:\/\/www.ukelelegastro.es\/#organization\"},\"potentialAction\":[{\"@type\":\"SearchAction\",\"target\":{\"@type\":\"EntryPoint\",\"urlTemplate\":\"https:\/\/www.ukelelegastro.es\/?s={search_term_string}\"},\"query-input\":{\"@type\":\"PropertyValueSpecification\",\"valueRequired\":true,\"valueName\":\"search_term_string\"}}],\"inLanguage\":\"en-GB\"},{\"@type\":\"Organization\",\"@id\":\"https:\/\/www.ukelelegastro.es\/#organization\",\"name\":\"Ukelele Gastro Lounge\",\"url\":\"https:\/\/www.ukelelegastro.es\/\",\"logo\":{\"@type\":\"ImageObject\",\"inLanguage\":\"en-GB\",\"@id\":\"https:\/\/www.ukelelegastro.es\/#\/schema\/logo\/image\/\",\"url\":\"https:\/\/ukelelegastro.es\/wp-content\/uploads\/2025\/03\/logo-ukelele-negro-fondo-naranja.png\",\"contentUrl\":\"https:\/\/ukelelegastro.es\/wp-content\/uploads\/2025\/03\/logo-ukelele-negro-fondo-naranja.png\",\"width\":500,\"height\":500,\"caption\":\"Ukelele Gastro Lounge\"},\"image\":{\"@id\":\"https:\/\/www.ukelelegastro.es\/#\/schema\/logo\/image\/\"},\"sameAs\":[\"https:\/\/m.facebook.com\/100095652725861\/\",\"https:\/\/www.instagram.com\/ukelele.gastrolounge\/\"]}]}<\/script>\n<!-- \/ Yoast SEO plugin. -->","yoast_head_json":{"title":"Contacta","description":"Contacta con Restaurante o Eventos Privados mediante Formulario \u00b7 Ubicaci\u00f3n \u00b7 WhatsApp \u00b7 Tel\u00e9fono \u00b7 Instagram \u00b7 Google para cualquier duda","robots":{"index":"index","follow":"follow","max-snippet":"max-snippet:-1","max-image-preview":"max-image-preview:large","max-video-preview":"max-video-preview:-1"},"canonical":"https:\/\/ukelelegastro.es\/en\/contact\/","og_locale":"en_GB","og_type":"article","og_title":"Contacta","og_description":"Contacta con Restaurante o Eventos Privados mediante Formulario \u00b7 Ubicaci\u00f3n \u00b7 WhatsApp \u00b7 Tel\u00e9fono \u00b7 Instagram \u00b7 Google para cualquier duda","og_url":"https:\/\/ukelelegastro.es\/en\/contact\/","og_site_name":"ukelelegastro.es","article_publisher":"https:\/\/m.facebook.com\/100095652725861\/","article_modified_time":"2025-06-09T15:06:04+00:00","og_image":[{"url":"https:\/\/ukelelegastro.es\/wp-content\/uploads\/2018\/10\/divider-free-img-1-1.png","type":"","width":"","height":""}],"twitter_card":"summary_large_image","twitter_misc":{"Estimated reading time":"2 minutes"},"schema":{"@context":"https:\/\/schema.org","@graph":[{"@type":"WebPage","@id":"https:\/\/ukelelegastro.es\/contact\/","url":"https:\/\/ukelelegastro.es\/contact\/","name":"Contacta","isPartOf":{"@id":"https:\/\/www.ukelelegastro.es\/#website"},"primaryImageOfPage":{"@id":"https:\/\/ukelelegastro.es\/contact\/#primaryimage"},"image":{"@id":"https:\/\/ukelelegastro.es\/contact\/#primaryimage"},"thumbnailUrl":"https:\/\/ukelelegastro.es\/wp-content\/uploads\/2018\/10\/divider-free-img-1-1.png","datePublished":"2025-02-19T10:46:21+00:00","dateModified":"2025-06-09T15:06:04+00:00","description":"Contacta con Restaurante o Eventos Privados mediante Formulario \u00b7 Ubicaci\u00f3n \u00b7 WhatsApp \u00b7 Tel\u00e9fono \u00b7 Instagram \u00b7 Google para cualquier duda","breadcrumb":{"@id":"https:\/\/ukelelegastro.es\/contact\/#breadcrumb"},"inLanguage":"en-GB","potentialAction":[{"@type":"ReadAction","target":["https:\/\/ukelelegastro.es\/contact\/"]}]},{"@type":"ImageObject","inLanguage":"en-GB","@id":"https:\/\/ukelelegastro.es\/contact\/#primaryimage","url":"https:\/\/ukelelegastro.es\/wp-content\/uploads\/2018\/10\/divider-free-img-1-1.png","contentUrl":"https:\/\/ukelelegastro.es\/wp-content\/uploads\/2018\/10\/divider-free-img-1-1.png"},{"@type":"BreadcrumbList","@id":"https:\/\/ukelelegastro.es\/contact\/#breadcrumb","itemListElement":[{"@type":"ListItem","position":1,"name":"Home","item":"https:\/\/ukelelegastro.es\/"},{"@type":"ListItem","position":2,"name":"Contacto"}]},{"@type":"WebSite","@id":"https:\/\/www.ukelelegastro.es\/#website","url":"https:\/\/www.ukelelegastro.es\/","name":"ukelelegastro.es","description":"Ukelele Gastro Lounge Valencia","publisher":{"@id":"https:\/\/www.ukelelegastro.es\/#organization"},"potentialAction":[{"@type":"SearchAction","target":{"@type":"EntryPoint","urlTemplate":"https:\/\/www.ukelelegastro.es\/?s={search_term_string}"},"query-input":{"@type":"PropertyValueSpecification","valueRequired":true,"valueName":"search_term_string"}}],"inLanguage":"en-GB"},{"@type":"Organization","@id":"https:\/\/www.ukelelegastro.es\/#organization","name":"Ukelele Gastro Lounge","url":"https:\/\/www.ukelelegastro.es\/","logo":{"@type":"ImageObject","inLanguage":"en-GB","@id":"https:\/\/www.ukelelegastro.es\/#\/schema\/logo\/image\/","url":"https:\/\/ukelelegastro.es\/wp-content\/uploads\/2025\/03\/logo-ukelele-negro-fondo-naranja.png","contentUrl":"https:\/\/ukelelegastro.es\/wp-content\/uploads\/2025\/03\/logo-ukelele-negro-fondo-naranja.png","width":500,"height":500,"caption":"Ukelele Gastro Lounge"},"image":{"@id":"https:\/\/www.ukelelegastro.es\/#\/schema\/logo\/image\/"},"sameAs":["https:\/\/m.facebook.com\/100095652725861\/","https:\/\/www.instagram.com\/ukelele.gastrolounge\/"]}]}},"uagb_featured_image_src":{"full":false,"thumbnail":false,"medium":false,"medium_large":false,"large":false,"1536x1536":false,"2048x2048":false,"trp-custom-language-flag":false},"uagb_author_info":{"display_name":"ukelele.vlc@gmail.com","author_link":"https:\/\/ukelelegastro.es\/en\/author\/ukelele-vlcgmail-com\/"},"uagb_comment_info":0,"uagb_excerpt":"Estamos aqu\u00ed para ayudarte Contacta para cualquier duda \u00bfTienes Hambre? COME Y CENA CON NOSOTROS Si quieres hacer alguna petici\u00f3n especial, tenemos dos tel\u00e9fonos de contacto. Si no podemos atenderte, intentaremos llamarte m\u00e1s tarde Restaurante 609 884 237 Eventos Privados 609 884 237 Contacta si tienes dudas Puedes enviarlas por escrito en el siguiente formulario&hellip;","_links":{"self":[{"href":"https:\/\/ukelelegastro.es\/en\/wp-json\/wp\/v2\/pages\/9","targetHints":{"allow":["GET"]}}],"collection":[{"href":"https:\/\/ukelelegastro.es\/en\/wp-json\/wp\/v2\/pages"}],"about":[{"href":"https:\/\/ukelelegastro.es\/en\/wp-json\/wp\/v2\/types\/page"}],"author":[{"embeddable":true,"href":"https:\/\/ukelelegastro.es\/en\/wp-json\/wp\/v2\/users\/1"}],"replies":[{"embeddable":true,"href":"https:\/\/ukelelegastro.es\/en\/wp-json\/wp\/v2\/comments?post=9"}],"version-history":[{"count":23,"href":"https:\/\/ukelelegastro.es\/en\/wp-json\/wp\/v2\/pages\/9\/revisions"}],"predecessor-version":[{"id":2730,"href":"https:\/\/ukelelegastro.es\/en\/wp-json\/wp\/v2\/pages\/9\/revisions\/2730"}],"wp:attachment":[{"href":"https:\/\/ukelelegastro.es\/en\/wp-json\/wp\/v2\/media?parent=9"}],"curies":[{"name":"wp","href":"https:\/\/api.w.org\/{rel}","templated":true}]}}